{"id":750,"date":"2023-08-01T12:23:43","date_gmt":"2023-08-01T10:23:43","guid":{"rendered":"https:\/\/urbanhotel.ms2.decms.eu\/?page_id=750"},"modified":"2023-08-01T15:53:58","modified_gmt":"2023-08-01T13:53:58","slug":"petit-dejeuner","status":"publish","type":"page","link":"https:\/\/www.urbanhotel.it\/fr\/service\/petit-dejeuner\/","title":{"rendered":"PETIT-D\u00c9JEUNER"},"content":{"rendered":"<p>Ouverte de 7h \u00e0 10h, la salle de petit-d\u00e9jeuner vous attend avec un buffet international \u00e0 base de c\u00e9r\u00e9ales, fruits frais, croissants \u00e0 peine sortis du four, jus de fruits, charcuterie et fromages. Ici vous trouverez du pain blanc et complet, des sandwiches, du pain grill\u00e9, du pain noir allemand, des \u0153ufs brouill\u00e9s et m\u00eame des tomates, outre \u00e0 une s\u00e9rie de produits sans gluten et d\u2019aliments pour les c\u0153liaques.<\/p>\n<p>Pour les h\u00f4tes qui le d\u00e9sirent, il est m\u00eame disponible un service de chambre sur demande, en payant un petit suppl\u00e9ment.<\/p>\n<p>La salle de petit-d\u00e9jeuner est \u00e9quip\u00e9e d\u2019un pav\u00e9 en verre avec une vue sur les ruines romaines de Tergeste, la Trieste romaine.<\/p>\n<p>Il s\u2019agit des ruines de l\u2019enceinte fortifi\u00e9e remontant au IV\u00e8me \u2013 VI\u00e8me si\u00e8cle apr\u00e8s J.-C. et d\u2019un quai \u00e0 degr\u00e9s qui remonte \u00e0 la construction de l\u2019installation portuaire entre la fin du 1er si\u00e8cle et les d\u00e9buts du 2\u00e8me si\u00e8cle apr\u00e8s J.-C.<\/p>\n","protected":false},"excerpt":{"rendered":"<p>Ouverte de 7h \u00e0 10h, la salle de petit-d\u00e9jeuner vous attend avec un buffet international \u00e0 base de c\u00e9r\u00e9ales, fruits frais, croissants \u00e0 peine sortis du four, jus de fruits, charcuterie et fromages. Ici vous trouverez du pain blanc et complet, des sandwiches, du pain grill\u00e9, du pain noir allemand, des \u0153ufs brouill\u00e9s et m\u00eame [&hellip;]<\/p>\n","protected":false},"author":26,"featured_media":0,"parent":210,"menu_order":60,"comment_status":"closed","ping_status":"closed","template":"template-default-4.php","meta":{"footnotes":""},"yoast_head":"<!-- This site is optimized with the Yoast SEO plugin v22.3 - https:\/\/yoast.com\/wordpress\/plugins\/seo\/ -->\n<title>PETIT-D\u00c9JEUNER &#183; Urban Hotel Design &#183;<\/title>\n<meta name=\"description\" content=\"Ouverte de 7h \u00e0 10h, la salle de petit-d\u00e9jeuner vous attend avec un buffet international \u00e0 base de c\u00e9r\u00e9ales, fruits frais, croissants \u00e0 peine sortis du four, jus de fruits, charcuterie et fromages. Ici vous trouverez du pain blanc et complet, des sandwiches, du pain grill\u00e9, du pain noir allemand, des \u0153ufs brouill\u00e9s et m\u00eame des tomates, outre \u00e0 une s\u00e9rie de produits sans gluten et d\u2019aliments pour les c\u0153liaques.  Pour les h\u00f4tes qui le d\u00e9sirent, il est m\u00eame disponible un service de chambre sur demande, en payant un petit suppl\u00e9ment.  La salle de petit-d\u00e9jeuner est \u00e9quip\u00e9e d\u2019un pav\u00e9 en verre avec une vue sur les ruines romaines de Tergeste, la Trieste romaine.  Il s\u2019agit des ruines de l\u2019enceinte fortifi\u00e9e remontant au IV\u00e8me \u2013 VI\u00e8me si\u00e8cle apr\u00e8s J.-C\" \/>\n<meta name=\"robots\" content=\"index, follow, max-snippet:-1, max-image-preview:large, max-video-preview:-1\" \/>\n<link rel=\"canonical\" href=\"https:\/\/www.urbanhotel.it\/fr\/service\/petit-dejeuner\/\" \/>\n<meta property=\"og:locale\" content=\"fr_FR\" \/>\n<meta property=\"og:type\" content=\"article\" \/>\n<meta property=\"og:title\" content=\"PETIT-D\u00c9JEUNER &#183; Urban Hotel Design &#183;\" \/>\n<meta property=\"og:description\" content=\"Ouverte de 7h \u00e0 10h, la salle de petit-d\u00e9jeuner vous attend avec un buffet international \u00e0 base de c\u00e9r\u00e9ales, fruits frais, croissants \u00e0 peine sortis du four, jus de fruits, charcuterie et fromages. Ici vous trouverez du pain blanc et complet, des sandwiches, du pain grill\u00e9, du pain noir allemand, des \u0153ufs brouill\u00e9s et m\u00eame des tomates, outre \u00e0 une s\u00e9rie de produits sans gluten et d\u2019aliments pour les c\u0153liaques.  Pour les h\u00f4tes qui le d\u00e9sirent, il est m\u00eame disponible un service de chambre sur demande, en payant un petit suppl\u00e9ment.  La salle de petit-d\u00e9jeuner est \u00e9quip\u00e9e d\u2019un pav\u00e9 en verre avec une vue sur les ruines romaines de Tergeste, la Trieste romaine.  Il s\u2019agit des ruines de l\u2019enceinte fortifi\u00e9e remontant au IV\u00e8me \u2013 VI\u00e8me si\u00e8cle apr\u00e8s J.-C\" \/>\n<meta property=\"og:url\" content=\"https:\/\/www.urbanhotel.it\/fr\/service\/petit-dejeuner\/\" \/>\n<meta property=\"og:site_name\" content=\"Urban Hotel Design\" \/>\n<meta property=\"article:modified_time\" content=\"2023-08-01T13:53:58+00:00\" \/>\n<meta name=\"twitter:card\" content=\"summary_large_image\" \/>\n<meta name=\"twitter:label1\" content=\"Dur\u00e9e de lecture estim\u00e9e\" \/>\n\t<meta name=\"twitter:data1\" content=\"1 minute\" \/>\n<script type=\"application\/ld+json\" class=\"yoast-schema-graph\">{\"@context\":\"https:\/\/schema.org\",\"@graph\":[{\"@type\":\"WebPage\",\"@id\":\"https:\/\/www.urbanhotel.it\/fr\/service\/petit-dejeuner\/\",\"url\":\"https:\/\/www.urbanhotel.it\/fr\/service\/petit-dejeuner\/\",\"name\":\"PETIT-D\u00c9JEUNER &#183; Urban Hotel Design &#183;\",\"isPartOf\":{\"@id\":\"https:\/\/www.urbanhotel.it\/fr\/#website\"},\"datePublished\":\"2023-08-01T10:23:43+00:00\",\"dateModified\":\"2023-08-01T13:53:58+00:00\",\"description\":\"Ouverte de 7h \u00e0 10h, la salle de petit-d\u00e9jeuner vous attend avec un buffet international \u00e0 base de c\u00e9r\u00e9ales, fruits frais, croissants \u00e0 peine sortis du four, jus de fruits, charcuterie et fromages. Ici vous trouverez du pain blanc et complet, des sandwiches, du pain grill\u00e9, du pain noir allemand, des \u0153ufs brouill\u00e9s et m\u00eame des tomates, outre \u00e0 une s\u00e9rie de produits sans gluten et d\u2019aliments pour les c\u0153liaques. Pour les h\u00f4tes qui le d\u00e9sirent, il est m\u00eame disponible un service de chambre sur demande, en payant un petit suppl\u00e9ment. La salle de petit-d\u00e9jeuner est \u00e9quip\u00e9e d\u2019un pav\u00e9 en verre avec une vue sur les ruines romaines de Tergeste, la Trieste romaine. Il s\u2019agit des ruines de l\u2019enceinte fortifi\u00e9e remontant au IV\u00e8me \u2013 VI\u00e8me si\u00e8cle apr\u00e8s J.-C\",\"breadcrumb\":{\"@id\":\"https:\/\/www.urbanhotel.it\/fr\/service\/petit-dejeuner\/#breadcrumb\"},\"inLanguage\":\"fr-FR\",\"potentialAction\":[{\"@type\":\"ReadAction\",\"target\":[\"https:\/\/www.urbanhotel.it\/fr\/service\/petit-dejeuner\/\"]}]},{\"@type\":\"BreadcrumbList\",\"@id\":\"https:\/\/www.urbanhotel.it\/fr\/service\/petit-dejeuner\/#breadcrumb\",\"itemListElement\":[{\"@type\":\"ListItem\",\"position\":1,\"name\":\"Home\",\"item\":\"https:\/\/www.urbanhotel.it\/fr\/\"},{\"@type\":\"ListItem\",\"position\":2,\"name\":\"Service\",\"item\":\"https:\/\/www.urbanhotel.it\/fr\/service\/\"},{\"@type\":\"ListItem\",\"position\":3,\"name\":\"PETIT-D\u00c9JEUNER\"}]},{\"@type\":\"WebSite\",\"@id\":\"https:\/\/www.urbanhotel.it\/fr\/#website\",\"url\":\"https:\/\/www.urbanhotel.it\/fr\/\",\"name\":\"Urban Hotel Design\",\"description\":\"\",\"potentialAction\":[{\"@type\":\"SearchAction\",\"target\":{\"@type\":\"EntryPoint\",\"urlTemplate\":\"https:\/\/www.urbanhotel.it\/fr\/?s={search_term_string}\"},\"query-input\":\"required name=search_term_string\"}],\"inLanguage\":\"fr-FR\"}]}<\/script>\n<!-- \/ Yoast SEO plugin. -->","yoast_head_json":{"title":"PETIT-D\u00c9JEUNER &#183; Urban Hotel Design &#183;","description":"Ouverte de 7h \u00e0 10h, la salle de petit-d\u00e9jeuner vous attend avec un buffet international \u00e0 base de c\u00e9r\u00e9ales, fruits frais, croissants \u00e0 peine sortis du four, jus de fruits, charcuterie et fromages. Ici vous trouverez du pain blanc et complet, des sandwiches, du pain grill\u00e9, du pain noir allemand, des \u0153ufs brouill\u00e9s et m\u00eame des tomates, outre \u00e0 une s\u00e9rie de produits sans gluten et d\u2019aliments pour les c\u0153liaques.  Pour les h\u00f4tes qui le d\u00e9sirent, il est m\u00eame disponible un service de chambre sur demande, en payant un petit suppl\u00e9ment.  La salle de petit-d\u00e9jeuner est \u00e9quip\u00e9e d\u2019un pav\u00e9 en verre avec une vue sur les ruines romaines de Tergeste, la Trieste romaine.  Il s\u2019agit des ruines de l\u2019enceinte fortifi\u00e9e remontant au IV\u00e8me \u2013 VI\u00e8me si\u00e8cle apr\u00e8s J.-C","robots":{"index":"index","follow":"follow","max-snippet":"max-snippet:-1","max-image-preview":"max-image-preview:large","max-video-preview":"max-video-preview:-1"},"canonical":"https:\/\/www.urbanhotel.it\/fr\/service\/petit-dejeuner\/","og_locale":"fr_FR","og_type":"article","og_title":"PETIT-D\u00c9JEUNER &#183; Urban Hotel Design &#183;","og_description":"Ouverte de 7h \u00e0 10h, la salle de petit-d\u00e9jeuner vous attend avec un buffet international \u00e0 base de c\u00e9r\u00e9ales, fruits frais, croissants \u00e0 peine sortis du four, jus de fruits, charcuterie et fromages. Ici vous trouverez du pain blanc et complet, des sandwiches, du pain grill\u00e9, du pain noir allemand, des \u0153ufs brouill\u00e9s et m\u00eame des tomates, outre \u00e0 une s\u00e9rie de produits sans gluten et d\u2019aliments pour les c\u0153liaques.  Pour les h\u00f4tes qui le d\u00e9sirent, il est m\u00eame disponible un service de chambre sur demande, en payant un petit suppl\u00e9ment.  La salle de petit-d\u00e9jeuner est \u00e9quip\u00e9e d\u2019un pav\u00e9 en verre avec une vue sur les ruines romaines de Tergeste, la Trieste romaine.  Il s\u2019agit des ruines de l\u2019enceinte fortifi\u00e9e remontant au IV\u00e8me \u2013 VI\u00e8me si\u00e8cle apr\u00e8s J.-C","og_url":"https:\/\/www.urbanhotel.it\/fr\/service\/petit-dejeuner\/","og_site_name":"Urban Hotel Design","article_modified_time":"2023-08-01T13:53:58+00:00","twitter_card":"summary_large_image","twitter_misc":{"Dur\u00e9e de lecture estim\u00e9e":"1 minute"},"schema":{"@context":"https:\/\/schema.org","@graph":[{"@type":"WebPage","@id":"https:\/\/www.urbanhotel.it\/fr\/service\/petit-dejeuner\/","url":"https:\/\/www.urbanhotel.it\/fr\/service\/petit-dejeuner\/","name":"PETIT-D\u00c9JEUNER &#183; Urban Hotel Design &#183;","isPartOf":{"@id":"https:\/\/www.urbanhotel.it\/fr\/#website"},"datePublished":"2023-08-01T10:23:43+00:00","dateModified":"2023-08-01T13:53:58+00:00","description":"Ouverte de 7h \u00e0 10h, la salle de petit-d\u00e9jeuner vous attend avec un buffet international \u00e0 base de c\u00e9r\u00e9ales, fruits frais, croissants \u00e0 peine sortis du four, jus de fruits, charcuterie et fromages. Ici vous trouverez du pain blanc et complet, des sandwiches, du pain grill\u00e9, du pain noir allemand, des \u0153ufs brouill\u00e9s et m\u00eame des tomates, outre \u00e0 une s\u00e9rie de produits sans gluten et d\u2019aliments pour les c\u0153liaques. Pour les h\u00f4tes qui le d\u00e9sirent, il est m\u00eame disponible un service de chambre sur demande, en payant un petit suppl\u00e9ment. La salle de petit-d\u00e9jeuner est \u00e9quip\u00e9e d\u2019un pav\u00e9 en verre avec une vue sur les ruines romaines de Tergeste, la Trieste romaine. Il s\u2019agit des ruines de l\u2019enceinte fortifi\u00e9e remontant au IV\u00e8me \u2013 VI\u00e8me si\u00e8cle apr\u00e8s J.-C","breadcrumb":{"@id":"https:\/\/www.urbanhotel.it\/fr\/service\/petit-dejeuner\/#breadcrumb"},"inLanguage":"fr-FR","potentialAction":[{"@type":"ReadAction","target":["https:\/\/www.urbanhotel.it\/fr\/service\/petit-dejeuner\/"]}]},{"@type":"BreadcrumbList","@id":"https:\/\/www.urbanhotel.it\/fr\/service\/petit-dejeuner\/#breadcrumb","itemListElement":[{"@type":"ListItem","position":1,"name":"Home","item":"https:\/\/www.urbanhotel.it\/fr\/"},{"@type":"ListItem","position":2,"name":"Service","item":"https:\/\/www.urbanhotel.it\/fr\/service\/"},{"@type":"ListItem","position":3,"name":"PETIT-D\u00c9JEUNER"}]},{"@type":"WebSite","@id":"https:\/\/www.urbanhotel.it\/fr\/#website","url":"https:\/\/www.urbanhotel.it\/fr\/","name":"Urban Hotel Design","description":"","potentialAction":[{"@type":"SearchAction","target":{"@type":"EntryPoint","urlTemplate":"https:\/\/www.urbanhotel.it\/fr\/?s={search_term_string}"},"query-input":"required name=search_term_string"}],"inLanguage":"fr-FR"}]}},"acf":[],"_links":{"self":[{"href":"https:\/\/www.urbanhotel.it\/fr\/wp-json\/wp\/v2\/pages\/750"}],"collection":[{"href":"https:\/\/www.urbanhotel.it\/fr\/wp-json\/wp\/v2\/pages"}],"about":[{"href":"https:\/\/www.urbanhotel.it\/fr\/wp-json\/wp\/v2\/types\/page"}],"author":[{"embeddable":true,"href":"https:\/\/www.urbanhotel.it\/fr\/wp-json\/wp\/v2\/users\/26"}],"replies":[{"embeddable":true,"href":"https:\/\/www.urbanhotel.it\/fr\/wp-json\/wp\/v2\/comments?post=750"}],"version-history":[{"count":0,"href":"https:\/\/www.urbanhotel.it\/fr\/wp-json\/wp\/v2\/pages\/750\/revisions"}],"up":[{"embeddable":true,"href":"https:\/\/www.urbanhotel.it\/fr\/wp-json\/wp\/v2\/pages\/210"}],"wp:attachment":[{"href":"https:\/\/www.urbanhotel.it\/fr\/wp-json\/wp\/v2\/media?parent=750"}],"curies":[{"name":"wp","href":"https:\/\/api.w.org\/{rel}","templated":true}]}}