{"id":237,"date":"2023-06-20T11:38:33","date_gmt":"2023-06-20T09:38:33","guid":{"rendered":"https:\/\/urbanhotel.ms2.decms.eu\/?page_id=237"},"modified":"2023-06-27T17:31:42","modified_gmt":"2023-06-27T15:31:42","slug":"trieste-et-ses-environs","status":"publish","type":"page","link":"https:\/\/www.urbanhotel.it\/fr\/trieste-et-ses-environs\/","title":{"rendered":"Trieste et ses environs"},"content":{"rendered":"<p>\u00ab \u00c0 c\u00f4t\u00e9 de la Trieste austro-hongroise existe une autre Trieste. \u00c0 c\u00f4t\u00e9 de la ville des caf\u00e9s litt\u00e9raires, de la paisible amiti\u00e9 entre Svevo et Joyce, il y a toujours eu une autre ville, douce, d\u00e9sinvolte, pittoresque. Trieste est une ville m\u00e9ridionale, la ville la plus m\u00e9ridionale de l\u2019Europe du nord \u00bb. [Mauro Covacich]<\/p>\n<p>Vous tombez amoureux de notre ville parce que vous pouvez traverser trois fronti\u00e8res internationales dans la m\u00eame journ\u00e9e, vous pouvez aller \u00e0 la mer, vous pouvez plonger dans la nature non contamin\u00e9e du Carso, profiter des innombrables vues panoramiques et, de nuit, elle ressemble \u00e0 une belle dame couverte de bijoux.<\/p>\n<p>Nous vous proposons quelques conseils pour visiter la ville de la Bora, entre histoire, curiosit\u00e9s et contradictions.<\/p>\n","protected":false},"excerpt":{"rendered":"<p>\u00ab \u00c0 c\u00f4t\u00e9 de la Trieste austro-hongroise existe une autre Trieste. \u00c0 c\u00f4t\u00e9 de la ville des caf\u00e9s litt\u00e9raires, de la paisible amiti\u00e9 entre Svevo et Joyce, il y a toujours eu une autre ville, douce, d\u00e9sinvolte, pittoresque. Trieste est une ville m\u00e9ridionale, la ville la plus m\u00e9ridionale de l\u2019Europe du nord \u00bb. [Mauro Covacich] [&hellip;]<\/p>\n","protected":false},"author":26,"featured_media":0,"parent":0,"menu_order":50,"comment_status":"closed","ping_status":"closed","template":"template-default-2.php","meta":{"footnotes":""},"class_list":["post-237","page","type-page","status-publish","hentry"],"yoast_head":"<!-- This site is optimized with the Yoast SEO plugin v27.3 - https:\/\/yoast.com\/product\/yoast-seo-wordpress\/ -->\n<title>Trieste et ses environs &#183; Urban Hotel Design &#183;<\/title>\n<meta name=\"description\" content=\"\u00ab \u00c0 c\u00f4t\u00e9 de la Trieste austro-hongroise existe une autre Trieste. \u00c0 c\u00f4t\u00e9 de la ville des caf\u00e9s litt\u00e9raires, de la paisible amiti\u00e9 entre Svevo et Joyce, il y a toujours eu une autre ville, douce, d\u00e9sinvolte, pittoresque\" \/>\n<meta name=\"robots\" content=\"index, follow, max-snippet:-1, max-image-preview:large, max-video-preview:-1\" \/>\n<link rel=\"canonical\" href=\"https:\/\/www.urbanhotel.it\/fr\/trieste-et-ses-environs\/\" \/>\n<meta property=\"og:locale\" content=\"fr_FR\" \/>\n<meta property=\"og:type\" content=\"article\" \/>\n<meta property=\"og:title\" content=\"Trieste et ses environs &#183; Urban Hotel Design &#183;\" \/>\n<meta property=\"og:description\" content=\"\u00ab \u00c0 c\u00f4t\u00e9 de la Trieste austro-hongroise existe une autre Trieste. \u00c0 c\u00f4t\u00e9 de la ville des caf\u00e9s litt\u00e9raires, de la paisible amiti\u00e9 entre Svevo et Joyce, il y a toujours eu une autre ville, douce, d\u00e9sinvolte, pittoresque\" \/>\n<meta property=\"og:url\" content=\"https:\/\/www.urbanhotel.it\/fr\/trieste-et-ses-environs\/\" \/>\n<meta property=\"og:site_name\" content=\"Urban Hotel Design\" \/>\n<meta property=\"article:modified_time\" content=\"2023-06-27T15:31:42+00:00\" \/>\n<meta name=\"twitter:card\" content=\"summary_large_image\" \/>\n<meta name=\"twitter:label1\" content=\"Dur\u00e9e de lecture estim\u00e9e\" \/>\n\t<meta name=\"twitter:data1\" content=\"1 minute\" \/>\n<script type=\"application\/ld+json\" class=\"yoast-schema-graph\">{\"@context\":\"https:\\\/\\\/schema.org\",\"@graph\":[{\"@type\":\"WebPage\",\"@id\":\"https:\\\/\\\/www.urbanhotel.it\\\/fr\\\/trieste-et-ses-environs\\\/\",\"url\":\"https:\\\/\\\/www.urbanhotel.it\\\/fr\\\/trieste-et-ses-environs\\\/\",\"name\":\"Trieste et ses environs &#183; Urban Hotel Design &#183;\",\"isPartOf\":{\"@id\":\"https:\\\/\\\/www.urbanhotel.it\\\/fr\\\/#website\"},\"datePublished\":\"2023-06-20T09:38:33+00:00\",\"dateModified\":\"2023-06-27T15:31:42+00:00\",\"description\":\"\u00ab \u00c0 c\u00f4t\u00e9 de la Trieste austro-hongroise existe une autre Trieste. \u00c0 c\u00f4t\u00e9 de la ville des caf\u00e9s litt\u00e9raires, de la paisible amiti\u00e9 entre Svevo et Joyce, il y a toujours eu une autre ville, douce, d\u00e9sinvolte, pittoresque\",\"breadcrumb\":{\"@id\":\"https:\\\/\\\/www.urbanhotel.it\\\/fr\\\/trieste-et-ses-environs\\\/#breadcrumb\"},\"inLanguage\":\"fr-FR\",\"potentialAction\":[{\"@type\":\"ReadAction\",\"target\":[\"https:\\\/\\\/www.urbanhotel.it\\\/fr\\\/trieste-et-ses-environs\\\/\"]}]},{\"@type\":\"BreadcrumbList\",\"@id\":\"https:\\\/\\\/www.urbanhotel.it\\\/fr\\\/trieste-et-ses-environs\\\/#breadcrumb\",\"itemListElement\":[{\"@type\":\"ListItem\",\"position\":1,\"name\":\"Home\",\"item\":\"https:\\\/\\\/www.urbanhotel.it\\\/fr\\\/\"},{\"@type\":\"ListItem\",\"position\":2,\"name\":\"Trieste et ses environs\"}]},{\"@type\":\"WebSite\",\"@id\":\"https:\\\/\\\/www.urbanhotel.it\\\/fr\\\/#website\",\"url\":\"https:\\\/\\\/www.urbanhotel.it\\\/fr\\\/\",\"name\":\"Urban Hotel Design\",\"description\":\"\",\"potentialAction\":[{\"@type\":\"SearchAction\",\"target\":{\"@type\":\"EntryPoint\",\"urlTemplate\":\"https:\\\/\\\/www.urbanhotel.it\\\/fr\\\/?s={search_term_string}\"},\"query-input\":{\"@type\":\"PropertyValueSpecification\",\"valueRequired\":true,\"valueName\":\"search_term_string\"}}],\"inLanguage\":\"fr-FR\"}]}<\/script>\n<!-- \/ Yoast SEO plugin. -->","yoast_head_json":{"title":"Trieste et ses environs &#183; Urban Hotel Design &#183;","description":"\u00ab \u00c0 c\u00f4t\u00e9 de la Trieste austro-hongroise existe une autre Trieste. \u00c0 c\u00f4t\u00e9 de la ville des caf\u00e9s litt\u00e9raires, de la paisible amiti\u00e9 entre Svevo et Joyce, il y a toujours eu une autre ville, douce, d\u00e9sinvolte, pittoresque","robots":{"index":"index","follow":"follow","max-snippet":"max-snippet:-1","max-image-preview":"max-image-preview:large","max-video-preview":"max-video-preview:-1"},"canonical":"https:\/\/www.urbanhotel.it\/fr\/trieste-et-ses-environs\/","og_locale":"fr_FR","og_type":"article","og_title":"Trieste et ses environs &#183; Urban Hotel Design &#183;","og_description":"\u00ab \u00c0 c\u00f4t\u00e9 de la Trieste austro-hongroise existe une autre Trieste. \u00c0 c\u00f4t\u00e9 de la ville des caf\u00e9s litt\u00e9raires, de la paisible amiti\u00e9 entre Svevo et Joyce, il y a toujours eu une autre ville, douce, d\u00e9sinvolte, pittoresque","og_url":"https:\/\/www.urbanhotel.it\/fr\/trieste-et-ses-environs\/","og_site_name":"Urban Hotel Design","article_modified_time":"2023-06-27T15:31:42+00:00","twitter_card":"summary_large_image","twitter_misc":{"Dur\u00e9e de lecture estim\u00e9e":"1 minute"},"schema":{"@context":"https:\/\/schema.org","@graph":[{"@type":"WebPage","@id":"https:\/\/www.urbanhotel.it\/fr\/trieste-et-ses-environs\/","url":"https:\/\/www.urbanhotel.it\/fr\/trieste-et-ses-environs\/","name":"Trieste et ses environs &#183; Urban Hotel Design &#183;","isPartOf":{"@id":"https:\/\/www.urbanhotel.it\/fr\/#website"},"datePublished":"2023-06-20T09:38:33+00:00","dateModified":"2023-06-27T15:31:42+00:00","description":"\u00ab \u00c0 c\u00f4t\u00e9 de la Trieste austro-hongroise existe une autre Trieste. \u00c0 c\u00f4t\u00e9 de la ville des caf\u00e9s litt\u00e9raires, de la paisible amiti\u00e9 entre Svevo et Joyce, il y a toujours eu une autre ville, douce, d\u00e9sinvolte, pittoresque","breadcrumb":{"@id":"https:\/\/www.urbanhotel.it\/fr\/trieste-et-ses-environs\/#breadcrumb"},"inLanguage":"fr-FR","potentialAction":[{"@type":"ReadAction","target":["https:\/\/www.urbanhotel.it\/fr\/trieste-et-ses-environs\/"]}]},{"@type":"BreadcrumbList","@id":"https:\/\/www.urbanhotel.it\/fr\/trieste-et-ses-environs\/#breadcrumb","itemListElement":[{"@type":"ListItem","position":1,"name":"Home","item":"https:\/\/www.urbanhotel.it\/fr\/"},{"@type":"ListItem","position":2,"name":"Trieste et ses environs"}]},{"@type":"WebSite","@id":"https:\/\/www.urbanhotel.it\/fr\/#website","url":"https:\/\/www.urbanhotel.it\/fr\/","name":"Urban Hotel Design","description":"","potentialAction":[{"@type":"SearchAction","target":{"@type":"EntryPoint","urlTemplate":"https:\/\/www.urbanhotel.it\/fr\/?s={search_term_string}"},"query-input":{"@type":"PropertyValueSpecification","valueRequired":true,"valueName":"search_term_string"}}],"inLanguage":"fr-FR"}]}},"acf":[],"_links":{"self":[{"href":"https:\/\/www.urbanhotel.it\/fr\/wp-json\/wp\/v2\/pages\/237","targetHints":{"allow":["GET"]}}],"collection":[{"href":"https:\/\/www.urbanhotel.it\/fr\/wp-json\/wp\/v2\/pages"}],"about":[{"href":"https:\/\/www.urbanhotel.it\/fr\/wp-json\/wp\/v2\/types\/page"}],"author":[{"embeddable":true,"href":"https:\/\/www.urbanhotel.it\/fr\/wp-json\/wp\/v2\/users\/26"}],"replies":[{"embeddable":true,"href":"https:\/\/www.urbanhotel.it\/fr\/wp-json\/wp\/v2\/comments?post=237"}],"version-history":[{"count":0,"href":"https:\/\/www.urbanhotel.it\/fr\/wp-json\/wp\/v2\/pages\/237\/revisions"}],"wp:attachment":[{"href":"https:\/\/www.urbanhotel.it\/fr\/wp-json\/wp\/v2\/media?parent=237"}],"curies":[{"name":"wp","href":"https:\/\/api.w.org\/{rel}","templated":true}]}}