{"id":217,"date":"2023-06-20T11:21:22","date_gmt":"2023-06-20T09:21:22","guid":{"rendered":"https:\/\/urbanhotel.ms2.decms.eu\/?page_id=217"},"modified":"2026-01-25T13:00:08","modified_gmt":"2026-01-25T12:00:08","slug":"garage","status":"publish","type":"page","link":"https:\/\/www.urbanhotel.it\/fr\/service\/garage\/","title":{"rendered":"Garage"},"content":{"rendered":"<p>Nos h\u00f4tels sont situ\u00e9s au centre ville; si Vous arrivez en voiture voil\u00e0 les options pour le parking:<\/p>\n<p><strong>TARIF SP\u00c9CIAL PARKING MULTI-\u00c9TAGES \u2013 PROFITEZ D\u2019UNE R\u00c9DUCTION DE 10% R\u00c9SERV\u00c9E \u00c0 NOS H\u00d4TES <img decoding=\"async\" class=\"wp-smiley\" src=\"https:\/\/www.urbanhotel.it\/wp-includes\/images\/smilies\/icon_cool.gif\" alt=\"8)\" \/> <\/strong><\/p>\n<p>\u00c0 200 metres de l\u2019h\u00f4tel, en via del Teatro Romano 16 se trouve le garage multi-\u00e9tage Park San Giusto. Le tarif horaire est de \u20ac2,40. Le tarif journalier est de \u20ac 24,00.<\/p>\n<p>Afin d\u2019obtenir une r\u00e9duction de 15% sur les tarifs mentionn\u00e9s ci-dessus, veuillez pr\u00e9senter aux guichet du Garage, ouvert 24 heures sur 24, le coupon de notre h\u00f4tel. Nous vous rappelons de ne pas utiliser les caisses automatiques.<\/p>\n<p>Si Vous utilisez un syst\u00e8me de navigation par satellite (GPS) merci de r\u00e9gler l\u2019adresse suivante\u00a0: <strong>Via Punta del Forno, 3 Trieste<\/strong>.<\/p>\n<p>D\u2019autres alternatives sont:<\/p>\n","protected":false},"excerpt":{"rendered":"<p>Nos h\u00f4tels sont situ\u00e9s au centre ville; si Vous arrivez en voiture voil\u00e0 les options pour le parking: TARIF SP\u00c9CIAL PARKING MULTI-\u00c9TAGES \u2013 PROFITEZ D\u2019UNE R\u00c9DUCTION DE 10% R\u00c9SERV\u00c9E \u00c0 NOS H\u00d4TES \u00c0 200 metres de l\u2019h\u00f4tel, en via del Teatro Romano 16 se trouve le garage multi-\u00e9tage Park San Giusto. Le tarif horaire est [&hellip;]<\/p>\n","protected":false},"author":26,"featured_media":0,"parent":210,"menu_order":10,"comment_status":"closed","ping_status":"closed","template":"template-default-4.php","meta":{"footnotes":""},"yoast_head":"<!-- This site is optimized with the Yoast SEO plugin v22.3 - https:\/\/yoast.com\/wordpress\/plugins\/seo\/ -->\n<title>Garage &#183; Urban Hotel Design &#183;<\/title>\n<meta name=\"description\" content=\"Nos h\u00f4tels sont situ\u00e9s au centre ville; si Vous arrivez en voiture voil\u00e0 les options pour le parking:  TARIF SP\u00c9CIAL PARKING MULTI-\u00c9TAGES \u2013 PROFITEZ D\u2019UNE R\u00c9DUCTION DE 10% R\u00c9SERV\u00c9E \u00c0 NOS H\u00d4TES    \u00c0 200 metres de l\u2019h\u00f4tel, en via del Teatro Romano 16 se trouve le garage multi-\u00e9tage Park San Giusto. Le tarif horaire est de \u20ac2,40\" \/>\n<meta name=\"robots\" content=\"index, follow, max-snippet:-1, max-image-preview:large, max-video-preview:-1\" \/>\n<link rel=\"canonical\" href=\"https:\/\/www.urbanhotel.it\/fr\/service\/garage\/\" \/>\n<meta property=\"og:locale\" content=\"fr_FR\" \/>\n<meta property=\"og:type\" content=\"article\" \/>\n<meta property=\"og:title\" content=\"Garage &#183; Urban Hotel Design &#183;\" \/>\n<meta property=\"og:description\" content=\"Nos h\u00f4tels sont situ\u00e9s au centre ville; si Vous arrivez en voiture voil\u00e0 les options pour le parking:  TARIF SP\u00c9CIAL PARKING MULTI-\u00c9TAGES \u2013 PROFITEZ D\u2019UNE R\u00c9DUCTION DE 10% R\u00c9SERV\u00c9E \u00c0 NOS H\u00d4TES    \u00c0 200 metres de l\u2019h\u00f4tel, en via del Teatro Romano 16 se trouve le garage multi-\u00e9tage Park San Giusto. Le tarif horaire est de \u20ac2,40\" \/>\n<meta property=\"og:url\" content=\"https:\/\/www.urbanhotel.it\/fr\/service\/garage\/\" \/>\n<meta property=\"og:site_name\" content=\"Urban Hotel Design\" \/>\n<meta property=\"article:modified_time\" content=\"2026-01-25T12:00:08+00:00\" \/>\n<meta property=\"og:image\" content=\"https:\/\/www.urbanhotel.it\/wp-includes\/images\/smilies\/icon_cool.gif\" \/>\n<meta name=\"twitter:card\" content=\"summary_large_image\" \/>\n<meta name=\"twitter:label1\" content=\"Dur\u00e9e de lecture estim\u00e9e\" \/>\n\t<meta name=\"twitter:data1\" content=\"1 minute\" \/>\n<script type=\"application\/ld+json\" class=\"yoast-schema-graph\">{\"@context\":\"https:\/\/schema.org\",\"@graph\":[{\"@type\":\"WebPage\",\"@id\":\"https:\/\/www.urbanhotel.it\/fr\/service\/garage\/\",\"url\":\"https:\/\/www.urbanhotel.it\/fr\/service\/garage\/\",\"name\":\"Garage &#183; Urban Hotel Design &#183;\",\"isPartOf\":{\"@id\":\"https:\/\/www.urbanhotel.it\/fr\/#website\"},\"primaryImageOfPage\":{\"@id\":\"https:\/\/www.urbanhotel.it\/fr\/service\/garage\/#primaryimage\"},\"image\":{\"@id\":\"https:\/\/www.urbanhotel.it\/fr\/service\/garage\/#primaryimage\"},\"thumbnailUrl\":\"https:\/\/www.urbanhotel.it\/wp-includes\/images\/smilies\/icon_cool.gif\",\"datePublished\":\"2023-06-20T09:21:22+00:00\",\"dateModified\":\"2026-01-25T12:00:08+00:00\",\"description\":\"Nos h\u00f4tels sont situ\u00e9s au centre ville; si Vous arrivez en voiture voil\u00e0 les options pour le parking: TARIF SP\u00c9CIAL PARKING MULTI-\u00c9TAGES \u2013 PROFITEZ D\u2019UNE R\u00c9DUCTION DE 10% R\u00c9SERV\u00c9E \u00c0 NOS H\u00d4TES \u00c0 200 metres de l\u2019h\u00f4tel, en via del Teatro Romano 16 se trouve le garage multi-\u00e9tage Park San Giusto. Le tarif horaire est de \u20ac2,40\",\"breadcrumb\":{\"@id\":\"https:\/\/www.urbanhotel.it\/fr\/service\/garage\/#breadcrumb\"},\"inLanguage\":\"fr-FR\",\"potentialAction\":[{\"@type\":\"ReadAction\",\"target\":[\"https:\/\/www.urbanhotel.it\/fr\/service\/garage\/\"]}]},{\"@type\":\"ImageObject\",\"inLanguage\":\"fr-FR\",\"@id\":\"https:\/\/www.urbanhotel.it\/fr\/service\/garage\/#primaryimage\",\"url\":\"https:\/\/www.urbanhotel.it\/wp-includes\/images\/smilies\/icon_cool.gif\",\"contentUrl\":\"https:\/\/www.urbanhotel.it\/wp-includes\/images\/smilies\/icon_cool.gif\"},{\"@type\":\"BreadcrumbList\",\"@id\":\"https:\/\/www.urbanhotel.it\/fr\/service\/garage\/#breadcrumb\",\"itemListElement\":[{\"@type\":\"ListItem\",\"position\":1,\"name\":\"Home\",\"item\":\"https:\/\/www.urbanhotel.it\/fr\/\"},{\"@type\":\"ListItem\",\"position\":2,\"name\":\"Service\",\"item\":\"https:\/\/www.urbanhotel.it\/fr\/service\/\"},{\"@type\":\"ListItem\",\"position\":3,\"name\":\"Garage\"}]},{\"@type\":\"WebSite\",\"@id\":\"https:\/\/www.urbanhotel.it\/fr\/#website\",\"url\":\"https:\/\/www.urbanhotel.it\/fr\/\",\"name\":\"Urban Hotel Design\",\"description\":\"\",\"potentialAction\":[{\"@type\":\"SearchAction\",\"target\":{\"@type\":\"EntryPoint\",\"urlTemplate\":\"https:\/\/www.urbanhotel.it\/fr\/?s={search_term_string}\"},\"query-input\":\"required name=search_term_string\"}],\"inLanguage\":\"fr-FR\"}]}<\/script>\n<!-- \/ Yoast SEO plugin. -->","yoast_head_json":{"title":"Garage &#183; Urban Hotel Design &#183;","description":"Nos h\u00f4tels sont situ\u00e9s au centre ville; si Vous arrivez en voiture voil\u00e0 les options pour le parking:  TARIF SP\u00c9CIAL PARKING MULTI-\u00c9TAGES \u2013 PROFITEZ D\u2019UNE R\u00c9DUCTION DE 10% R\u00c9SERV\u00c9E \u00c0 NOS H\u00d4TES    \u00c0 200 metres de l\u2019h\u00f4tel, en via del Teatro Romano 16 se trouve le garage multi-\u00e9tage Park San Giusto. Le tarif horaire est de \u20ac2,40","robots":{"index":"index","follow":"follow","max-snippet":"max-snippet:-1","max-image-preview":"max-image-preview:large","max-video-preview":"max-video-preview:-1"},"canonical":"https:\/\/www.urbanhotel.it\/fr\/service\/garage\/","og_locale":"fr_FR","og_type":"article","og_title":"Garage &#183; Urban Hotel Design &#183;","og_description":"Nos h\u00f4tels sont situ\u00e9s au centre ville; si Vous arrivez en voiture voil\u00e0 les options pour le parking:  TARIF SP\u00c9CIAL PARKING MULTI-\u00c9TAGES \u2013 PROFITEZ D\u2019UNE R\u00c9DUCTION DE 10% R\u00c9SERV\u00c9E \u00c0 NOS H\u00d4TES    \u00c0 200 metres de l\u2019h\u00f4tel, en via del Teatro Romano 16 se trouve le garage multi-\u00e9tage Park San Giusto. Le tarif horaire est de \u20ac2,40","og_url":"https:\/\/www.urbanhotel.it\/fr\/service\/garage\/","og_site_name":"Urban Hotel Design","article_modified_time":"2026-01-25T12:00:08+00:00","og_image":[{"url":"https:\/\/www.urbanhotel.it\/wp-includes\/images\/smilies\/icon_cool.gif"}],"twitter_card":"summary_large_image","twitter_misc":{"Dur\u00e9e de lecture estim\u00e9e":"1 minute"},"schema":{"@context":"https:\/\/schema.org","@graph":[{"@type":"WebPage","@id":"https:\/\/www.urbanhotel.it\/fr\/service\/garage\/","url":"https:\/\/www.urbanhotel.it\/fr\/service\/garage\/","name":"Garage &#183; Urban Hotel Design &#183;","isPartOf":{"@id":"https:\/\/www.urbanhotel.it\/fr\/#website"},"primaryImageOfPage":{"@id":"https:\/\/www.urbanhotel.it\/fr\/service\/garage\/#primaryimage"},"image":{"@id":"https:\/\/www.urbanhotel.it\/fr\/service\/garage\/#primaryimage"},"thumbnailUrl":"https:\/\/www.urbanhotel.it\/wp-includes\/images\/smilies\/icon_cool.gif","datePublished":"2023-06-20T09:21:22+00:00","dateModified":"2026-01-25T12:00:08+00:00","description":"Nos h\u00f4tels sont situ\u00e9s au centre ville; si Vous arrivez en voiture voil\u00e0 les options pour le parking: TARIF SP\u00c9CIAL PARKING MULTI-\u00c9TAGES \u2013 PROFITEZ D\u2019UNE R\u00c9DUCTION DE 10% R\u00c9SERV\u00c9E \u00c0 NOS H\u00d4TES \u00c0 200 metres de l\u2019h\u00f4tel, en via del Teatro Romano 16 se trouve le garage multi-\u00e9tage Park San Giusto. Le tarif horaire est de \u20ac2,40","breadcrumb":{"@id":"https:\/\/www.urbanhotel.it\/fr\/service\/garage\/#breadcrumb"},"inLanguage":"fr-FR","potentialAction":[{"@type":"ReadAction","target":["https:\/\/www.urbanhotel.it\/fr\/service\/garage\/"]}]},{"@type":"ImageObject","inLanguage":"fr-FR","@id":"https:\/\/www.urbanhotel.it\/fr\/service\/garage\/#primaryimage","url":"https:\/\/www.urbanhotel.it\/wp-includes\/images\/smilies\/icon_cool.gif","contentUrl":"https:\/\/www.urbanhotel.it\/wp-includes\/images\/smilies\/icon_cool.gif"},{"@type":"BreadcrumbList","@id":"https:\/\/www.urbanhotel.it\/fr\/service\/garage\/#breadcrumb","itemListElement":[{"@type":"ListItem","position":1,"name":"Home","item":"https:\/\/www.urbanhotel.it\/fr\/"},{"@type":"ListItem","position":2,"name":"Service","item":"https:\/\/www.urbanhotel.it\/fr\/service\/"},{"@type":"ListItem","position":3,"name":"Garage"}]},{"@type":"WebSite","@id":"https:\/\/www.urbanhotel.it\/fr\/#website","url":"https:\/\/www.urbanhotel.it\/fr\/","name":"Urban Hotel Design","description":"","potentialAction":[{"@type":"SearchAction","target":{"@type":"EntryPoint","urlTemplate":"https:\/\/www.urbanhotel.it\/fr\/?s={search_term_string}"},"query-input":"required name=search_term_string"}],"inLanguage":"fr-FR"}]}},"acf":[],"_links":{"self":[{"href":"https:\/\/www.urbanhotel.it\/fr\/wp-json\/wp\/v2\/pages\/217"}],"collection":[{"href":"https:\/\/www.urbanhotel.it\/fr\/wp-json\/wp\/v2\/pages"}],"about":[{"href":"https:\/\/www.urbanhotel.it\/fr\/wp-json\/wp\/v2\/types\/page"}],"author":[{"embeddable":true,"href":"https:\/\/www.urbanhotel.it\/fr\/wp-json\/wp\/v2\/users\/26"}],"replies":[{"embeddable":true,"href":"https:\/\/www.urbanhotel.it\/fr\/wp-json\/wp\/v2\/comments?post=217"}],"version-history":[{"count":0,"href":"https:\/\/www.urbanhotel.it\/fr\/wp-json\/wp\/v2\/pages\/217\/revisions"}],"up":[{"embeddable":true,"href":"https:\/\/www.urbanhotel.it\/fr\/wp-json\/wp\/v2\/pages\/210"}],"wp:attachment":[{"href":"https:\/\/www.urbanhotel.it\/fr\/wp-json\/wp\/v2\/media?parent=217"}],"curies":[{"name":"wp","href":"https:\/\/api.w.org\/{rel}","templated":true}]}}