{"id":210,"date":"2023-06-20T11:20:27","date_gmt":"2023-06-20T09:20:27","guid":{"rendered":"https:\/\/urbanhotel.ms2.decms.eu\/?page_id=210"},"modified":"2023-08-01T15:58:13","modified_gmt":"2023-08-01T13:58:13","slug":"service","status":"publish","type":"page","link":"https:\/\/www.urbanhotel.it\/fr\/service\/","title":{"rendered":"Service"},"content":{"rendered":"<p>Notre personnel est chaque jour au travail pour offrir \u00e0 chacun de nos h\u00f4tes une exp\u00e9rience magique.<\/p>\n<p>Le service est l\u2019un des nos atouts \u00e0 partir du moment de la r\u00e9servation, jusqu\u2019\u00e0 l\u2019accueil, le d\u00e9part et aussi apr\u00e8s le retour des clients \u00e0 la maison.<\/p>\n","protected":false},"excerpt":{"rendered":"<p>Notre personnel est chaque jour au travail pour offrir \u00e0 chacun de nos h\u00f4tes une exp\u00e9rience magique. Le service est l\u2019un des nos atouts \u00e0 partir du moment de la r\u00e9servation, jusqu\u2019\u00e0 l\u2019accueil, le d\u00e9part et aussi apr\u00e8s le retour des clients \u00e0 la maison.<\/p>\n","protected":false},"author":26,"featured_media":0,"parent":0,"menu_order":30,"comment_status":"closed","ping_status":"closed","template":"template-default-2.php","meta":{"footnotes":""},"yoast_head":"<!-- This site is optimized with the Yoast SEO plugin v22.3 - https:\/\/yoast.com\/wordpress\/plugins\/seo\/ -->\n<title>Service &#183; Urban Hotel Design &#183;<\/title>\n<meta name=\"description\" content=\"Notre personnel est chaque jour au travail pour offrir \u00e0 chacun de nos h\u00f4tes une exp\u00e9rience magique.  Le service est l\u2019un des nos atouts \u00e0 partir du moment de la r\u00e9servation, jusqu\u2019\u00e0 l\u2019accueil, le d\u00e9part et aussi apr\u00e8s le retour des clients \u00e0 la maison..\" \/>\n<meta name=\"robots\" content=\"index, follow, max-snippet:-1, max-image-preview:large, max-video-preview:-1\" \/>\n<link rel=\"canonical\" href=\"https:\/\/www.urbanhotel.it\/fr\/service\/\" \/>\n<meta property=\"og:locale\" content=\"fr_FR\" \/>\n<meta property=\"og:type\" content=\"article\" \/>\n<meta property=\"og:title\" content=\"Service &#183; Urban Hotel Design &#183;\" \/>\n<meta property=\"og:description\" content=\"Notre personnel est chaque jour au travail pour offrir \u00e0 chacun de nos h\u00f4tes une exp\u00e9rience magique.  Le service est l\u2019un des nos atouts \u00e0 partir du moment de la r\u00e9servation, jusqu\u2019\u00e0 l\u2019accueil, le d\u00e9part et aussi apr\u00e8s le retour des clients \u00e0 la maison..\" \/>\n<meta property=\"og:url\" content=\"https:\/\/www.urbanhotel.it\/fr\/service\/\" \/>\n<meta property=\"og:site_name\" content=\"Urban Hotel Design\" \/>\n<meta property=\"article:modified_time\" content=\"2023-08-01T13:58:13+00:00\" \/>\n<meta name=\"twitter:card\" content=\"summary_large_image\" \/>\n<meta name=\"twitter:label1\" content=\"Dur\u00e9e de lecture estim\u00e9e\" \/>\n\t<meta name=\"twitter:data1\" content=\"1 minute\" \/>\n<script type=\"application\/ld+json\" class=\"yoast-schema-graph\">{\"@context\":\"https:\/\/schema.org\",\"@graph\":[{\"@type\":\"WebPage\",\"@id\":\"https:\/\/www.urbanhotel.it\/fr\/service\/\",\"url\":\"https:\/\/www.urbanhotel.it\/fr\/service\/\",\"name\":\"Service &#183; Urban Hotel Design &#183;\",\"isPartOf\":{\"@id\":\"https:\/\/www.urbanhotel.it\/fr\/#website\"},\"datePublished\":\"2023-06-20T09:20:27+00:00\",\"dateModified\":\"2023-08-01T13:58:13+00:00\",\"description\":\"Notre personnel est chaque jour au travail pour offrir \u00e0 chacun de nos h\u00f4tes une exp\u00e9rience magique. Le service est l\u2019un des nos atouts \u00e0 partir du moment de la r\u00e9servation, jusqu\u2019\u00e0 l\u2019accueil, le d\u00e9part et aussi apr\u00e8s le retour des clients \u00e0 la maison..\",\"breadcrumb\":{\"@id\":\"https:\/\/www.urbanhotel.it\/fr\/service\/#breadcrumb\"},\"inLanguage\":\"fr-FR\",\"potentialAction\":[{\"@type\":\"ReadAction\",\"target\":[\"https:\/\/www.urbanhotel.it\/fr\/service\/\"]}]},{\"@type\":\"BreadcrumbList\",\"@id\":\"https:\/\/www.urbanhotel.it\/fr\/service\/#breadcrumb\",\"itemListElement\":[{\"@type\":\"ListItem\",\"position\":1,\"name\":\"Home\",\"item\":\"https:\/\/www.urbanhotel.it\/fr\/\"},{\"@type\":\"ListItem\",\"position\":2,\"name\":\"Service\"}]},{\"@type\":\"WebSite\",\"@id\":\"https:\/\/www.urbanhotel.it\/fr\/#website\",\"url\":\"https:\/\/www.urbanhotel.it\/fr\/\",\"name\":\"Urban Hotel Design\",\"description\":\"\",\"potentialAction\":[{\"@type\":\"SearchAction\",\"target\":{\"@type\":\"EntryPoint\",\"urlTemplate\":\"https:\/\/www.urbanhotel.it\/fr\/?s={search_term_string}\"},\"query-input\":\"required name=search_term_string\"}],\"inLanguage\":\"fr-FR\"}]}<\/script>\n<!-- \/ Yoast SEO plugin. -->","yoast_head_json":{"title":"Service &#183; Urban Hotel Design &#183;","description":"Notre personnel est chaque jour au travail pour offrir \u00e0 chacun de nos h\u00f4tes une exp\u00e9rience magique.  Le service est l\u2019un des nos atouts \u00e0 partir du moment de la r\u00e9servation, jusqu\u2019\u00e0 l\u2019accueil, le d\u00e9part et aussi apr\u00e8s le retour des clients \u00e0 la maison..","robots":{"index":"index","follow":"follow","max-snippet":"max-snippet:-1","max-image-preview":"max-image-preview:large","max-video-preview":"max-video-preview:-1"},"canonical":"https:\/\/www.urbanhotel.it\/fr\/service\/","og_locale":"fr_FR","og_type":"article","og_title":"Service &#183; Urban Hotel Design &#183;","og_description":"Notre personnel est chaque jour au travail pour offrir \u00e0 chacun de nos h\u00f4tes une exp\u00e9rience magique.  Le service est l\u2019un des nos atouts \u00e0 partir du moment de la r\u00e9servation, jusqu\u2019\u00e0 l\u2019accueil, le d\u00e9part et aussi apr\u00e8s le retour des clients \u00e0 la maison..","og_url":"https:\/\/www.urbanhotel.it\/fr\/service\/","og_site_name":"Urban Hotel Design","article_modified_time":"2023-08-01T13:58:13+00:00","twitter_card":"summary_large_image","twitter_misc":{"Dur\u00e9e de lecture estim\u00e9e":"1 minute"},"schema":{"@context":"https:\/\/schema.org","@graph":[{"@type":"WebPage","@id":"https:\/\/www.urbanhotel.it\/fr\/service\/","url":"https:\/\/www.urbanhotel.it\/fr\/service\/","name":"Service &#183; Urban Hotel Design &#183;","isPartOf":{"@id":"https:\/\/www.urbanhotel.it\/fr\/#website"},"datePublished":"2023-06-20T09:20:27+00:00","dateModified":"2023-08-01T13:58:13+00:00","description":"Notre personnel est chaque jour au travail pour offrir \u00e0 chacun de nos h\u00f4tes une exp\u00e9rience magique. Le service est l\u2019un des nos atouts \u00e0 partir du moment de la r\u00e9servation, jusqu\u2019\u00e0 l\u2019accueil, le d\u00e9part et aussi apr\u00e8s le retour des clients \u00e0 la maison..","breadcrumb":{"@id":"https:\/\/www.urbanhotel.it\/fr\/service\/#breadcrumb"},"inLanguage":"fr-FR","potentialAction":[{"@type":"ReadAction","target":["https:\/\/www.urbanhotel.it\/fr\/service\/"]}]},{"@type":"BreadcrumbList","@id":"https:\/\/www.urbanhotel.it\/fr\/service\/#breadcrumb","itemListElement":[{"@type":"ListItem","position":1,"name":"Home","item":"https:\/\/www.urbanhotel.it\/fr\/"},{"@type":"ListItem","position":2,"name":"Service"}]},{"@type":"WebSite","@id":"https:\/\/www.urbanhotel.it\/fr\/#website","url":"https:\/\/www.urbanhotel.it\/fr\/","name":"Urban Hotel Design","description":"","potentialAction":[{"@type":"SearchAction","target":{"@type":"EntryPoint","urlTemplate":"https:\/\/www.urbanhotel.it\/fr\/?s={search_term_string}"},"query-input":"required name=search_term_string"}],"inLanguage":"fr-FR"}]}},"acf":[],"_links":{"self":[{"href":"https:\/\/www.urbanhotel.it\/fr\/wp-json\/wp\/v2\/pages\/210"}],"collection":[{"href":"https:\/\/www.urbanhotel.it\/fr\/wp-json\/wp\/v2\/pages"}],"about":[{"href":"https:\/\/www.urbanhotel.it\/fr\/wp-json\/wp\/v2\/types\/page"}],"author":[{"embeddable":true,"href":"https:\/\/www.urbanhotel.it\/fr\/wp-json\/wp\/v2\/users\/26"}],"replies":[{"embeddable":true,"href":"https:\/\/www.urbanhotel.it\/fr\/wp-json\/wp\/v2\/comments?post=210"}],"version-history":[{"count":0,"href":"https:\/\/www.urbanhotel.it\/fr\/wp-json\/wp\/v2\/pages\/210\/revisions"}],"wp:attachment":[{"href":"https:\/\/www.urbanhotel.it\/fr\/wp-json\/wp\/v2\/media?parent=210"}],"curies":[{"name":"wp","href":"https:\/\/api.w.org\/{rel}","templated":true}]}}