{"id":204,"date":"2023-06-20T10:23:09","date_gmt":"2023-06-20T08:23:09","guid":{"rendered":"https:\/\/urbanhotel.ms2.decms.eu\/?page_id=204"},"modified":"2023-06-27T14:19:17","modified_gmt":"2023-06-27T12:19:17","slug":"suite-family","status":"publish","type":"page","link":"https:\/\/www.urbanhotel.it\/fr\/chambres\/suite-family\/","title":{"rendered":"Suite Family"},"content":{"rendered":"<p>Les Suites ont \u00e9t\u00e9 ajout\u00e9s r\u00e9cemment \u00e0 l\u2019Urban Hotel Design, dans le b\u00e2timent historique adjacent, avec une entr\u00e9e priv\u00e9e dans la Via Cavazzeni 3. L\u2019ascenseur\u00a0se trouve au niveau de la mezzanine, s\u2019agissant d\u2019un immeuble prot\u00e9g\u00e9.<\/p>\n<p>L\u2019h\u00f4tel dispose de deux Suites compos\u00e9es de chambres doubles, salle de bain, salon et dans le coin salon il y un troisi\u00e8me lit fixe.<\/p>\n<p>L\u2019h\u00f4tel dispose, au dernier \u00e9tage, d\u2019un Suite sur deux \u00e9tages compos\u00e9 de deux salles de bain, d\u2019un salon, d\u2019une chambre double, d\u2019une chambre simple et, dans la zone de la mezzanine, d\u2019un lit fixe suppl\u00e9mentaire.<\/p>\n<p>Pour disponibilit\u00e9 et prix, \u00e9crivez \u00e0 <a href=\"mailto:info@urbanhotel.it\">info@urbanhotel.it<\/a>.<\/p>\n","protected":false},"excerpt":{"rendered":"<p>Les Suites ont \u00e9t\u00e9 ajout\u00e9s r\u00e9cemment \u00e0 l\u2019Urban Hotel Design, dans le b\u00e2timent historique adjacent, avec une entr\u00e9e priv\u00e9e dans la Via Cavazzeni 3. L\u2019ascenseur\u00a0se trouve au niveau de la mezzanine, s\u2019agissant d\u2019un immeuble prot\u00e9g\u00e9. L\u2019h\u00f4tel dispose de deux Suites compos\u00e9es de chambres doubles, salle de bain, salon et dans le coin salon il y [&hellip;]<\/p>\n","protected":false},"author":26,"featured_media":0,"parent":143,"menu_order":60,"comment_status":"closed","ping_status":"closed","template":"template-single-room.php","meta":{"footnotes":""},"class_list":["post-204","page","type-page","status-publish","hentry"],"yoast_head":"<!-- This site is optimized with the Yoast SEO plugin v27.3 - https:\/\/yoast.com\/product\/yoast-seo-wordpress\/ -->\n<title>Suite Family &#183; Urban Hotel Design &#183;<\/title>\n<meta name=\"description\" content=\"Les Suites ont \u00e9t\u00e9 ajout\u00e9s r\u00e9cemment \u00e0 l\u2019Urban Hotel Design, dans le b\u00e2timent historique adjacent, avec une entr\u00e9e priv\u00e9e dans la Via Cavazzeni 3. L\u2019ascenseur\u00a0se trouve au niveau de la mezzanine, s\u2019agissant d\u2019un immeuble prot\u00e9g\u00e9.  L\u2019h\u00f4tel dispose de deux Suites compos\u00e9es de chambres doubles, salle de bain, salon et dans le coin salon il y un troisi\u00e8me lit fixe.  L\u2019h\u00f4tel dispose, au dernier \u00e9tage, d\u2019un Suite sur deux \u00e9tages compos\u00e9 de deux salles de bain, d\u2019un salon, d\u2019une chambre double, d\u2019une chambre simple et, dans la zone de la mezzanine, d\u2019un lit fixe suppl\u00e9mentaire.  Pour disponibilit\u00e9 et prix, \u00e9crivez \u00e0 info@urbanhotel.it.\" \/>\n<meta name=\"robots\" content=\"index, follow, max-snippet:-1, max-image-preview:large, max-video-preview:-1\" \/>\n<link rel=\"canonical\" href=\"https:\/\/www.urbanhotel.it\/fr\/chambres\/suite-family\/\" \/>\n<meta property=\"og:locale\" content=\"fr_FR\" \/>\n<meta property=\"og:type\" content=\"article\" \/>\n<meta property=\"og:title\" content=\"Suite Family &#183; Urban Hotel Design &#183;\" \/>\n<meta property=\"og:description\" content=\"Les Suites ont \u00e9t\u00e9 ajout\u00e9s r\u00e9cemment \u00e0 l\u2019Urban Hotel Design, dans le b\u00e2timent historique adjacent, avec une entr\u00e9e priv\u00e9e dans la Via Cavazzeni 3. L\u2019ascenseur\u00a0se trouve au niveau de la mezzanine, s\u2019agissant d\u2019un immeuble prot\u00e9g\u00e9.  L\u2019h\u00f4tel dispose de deux Suites compos\u00e9es de chambres doubles, salle de bain, salon et dans le coin salon il y un troisi\u00e8me lit fixe.  L\u2019h\u00f4tel dispose, au dernier \u00e9tage, d\u2019un Suite sur deux \u00e9tages compos\u00e9 de deux salles de bain, d\u2019un salon, d\u2019une chambre double, d\u2019une chambre simple et, dans la zone de la mezzanine, d\u2019un lit fixe suppl\u00e9mentaire.  Pour disponibilit\u00e9 et prix, \u00e9crivez \u00e0 info@urbanhotel.it.\" \/>\n<meta property=\"og:url\" content=\"https:\/\/www.urbanhotel.it\/fr\/chambres\/suite-family\/\" \/>\n<meta property=\"og:site_name\" content=\"Urban Hotel Design\" \/>\n<meta property=\"article:modified_time\" content=\"2023-06-27T12:19:17+00:00\" \/>\n<meta name=\"twitter:card\" content=\"summary_large_image\" \/>\n<script type=\"application\/ld+json\" class=\"yoast-schema-graph\">{\"@context\":\"https:\\\/\\\/schema.org\",\"@graph\":[{\"@type\":\"WebPage\",\"@id\":\"https:\\\/\\\/www.urbanhotel.it\\\/fr\\\/chambres\\\/suite-family\\\/\",\"url\":\"https:\\\/\\\/www.urbanhotel.it\\\/fr\\\/chambres\\\/suite-family\\\/\",\"name\":\"Suite Family &#183; Urban Hotel Design &#183;\",\"isPartOf\":{\"@id\":\"https:\\\/\\\/www.urbanhotel.it\\\/fr\\\/#website\"},\"datePublished\":\"2023-06-20T08:23:09+00:00\",\"dateModified\":\"2023-06-27T12:19:17+00:00\",\"description\":\"Les Suites ont \u00e9t\u00e9 ajout\u00e9s r\u00e9cemment \u00e0 l\u2019Urban Hotel Design, dans le b\u00e2timent historique adjacent, avec une entr\u00e9e priv\u00e9e dans la Via Cavazzeni 3. L\u2019ascenseur\u00a0se trouve au niveau de la mezzanine, s\u2019agissant d\u2019un immeuble prot\u00e9g\u00e9. L\u2019h\u00f4tel dispose de deux Suites compos\u00e9es de chambres doubles, salle de bain, salon et dans le coin salon il y un troisi\u00e8me lit fixe. L\u2019h\u00f4tel dispose, au dernier \u00e9tage, d\u2019un Suite sur deux \u00e9tages compos\u00e9 de deux salles de bain, d\u2019un salon, d\u2019une chambre double, d\u2019une chambre simple et, dans la zone de la mezzanine, d\u2019un lit fixe suppl\u00e9mentaire. Pour disponibilit\u00e9 et prix, \u00e9crivez \u00e0 info@urbanhotel.it.\",\"breadcrumb\":{\"@id\":\"https:\\\/\\\/www.urbanhotel.it\\\/fr\\\/chambres\\\/suite-family\\\/#breadcrumb\"},\"inLanguage\":\"fr-FR\",\"potentialAction\":[{\"@type\":\"ReadAction\",\"target\":[\"https:\\\/\\\/www.urbanhotel.it\\\/fr\\\/chambres\\\/suite-family\\\/\"]}]},{\"@type\":\"BreadcrumbList\",\"@id\":\"https:\\\/\\\/www.urbanhotel.it\\\/fr\\\/chambres\\\/suite-family\\\/#breadcrumb\",\"itemListElement\":[{\"@type\":\"ListItem\",\"position\":1,\"name\":\"Home\",\"item\":\"https:\\\/\\\/www.urbanhotel.it\\\/fr\\\/\"},{\"@type\":\"ListItem\",\"position\":2,\"name\":\"Chambres\",\"item\":\"https:\\\/\\\/www.urbanhotel.it\\\/fr\\\/chambres\\\/\"},{\"@type\":\"ListItem\",\"position\":3,\"name\":\"Suite Family\"}]},{\"@type\":\"WebSite\",\"@id\":\"https:\\\/\\\/www.urbanhotel.it\\\/fr\\\/#website\",\"url\":\"https:\\\/\\\/www.urbanhotel.it\\\/fr\\\/\",\"name\":\"Urban Hotel Design\",\"description\":\"\",\"potentialAction\":[{\"@type\":\"SearchAction\",\"target\":{\"@type\":\"EntryPoint\",\"urlTemplate\":\"https:\\\/\\\/www.urbanhotel.it\\\/fr\\\/?s={search_term_string}\"},\"query-input\":{\"@type\":\"PropertyValueSpecification\",\"valueRequired\":true,\"valueName\":\"search_term_string\"}}],\"inLanguage\":\"fr-FR\"}]}<\/script>\n<!-- \/ Yoast SEO plugin. -->","yoast_head_json":{"title":"Suite Family &#183; Urban Hotel Design &#183;","description":"Les Suites ont \u00e9t\u00e9 ajout\u00e9s r\u00e9cemment \u00e0 l\u2019Urban Hotel Design, dans le b\u00e2timent historique adjacent, avec une entr\u00e9e priv\u00e9e dans la Via Cavazzeni 3. L\u2019ascenseur\u00a0se trouve au niveau de la mezzanine, s\u2019agissant d\u2019un immeuble prot\u00e9g\u00e9.  L\u2019h\u00f4tel dispose de deux Suites compos\u00e9es de chambres doubles, salle de bain, salon et dans le coin salon il y un troisi\u00e8me lit fixe.  L\u2019h\u00f4tel dispose, au dernier \u00e9tage, d\u2019un Suite sur deux \u00e9tages compos\u00e9 de deux salles de bain, d\u2019un salon, d\u2019une chambre double, d\u2019une chambre simple et, dans la zone de la mezzanine, d\u2019un lit fixe suppl\u00e9mentaire.  Pour disponibilit\u00e9 et prix, \u00e9crivez \u00e0 info@urbanhotel.it.","robots":{"index":"index","follow":"follow","max-snippet":"max-snippet:-1","max-image-preview":"max-image-preview:large","max-video-preview":"max-video-preview:-1"},"canonical":"https:\/\/www.urbanhotel.it\/fr\/chambres\/suite-family\/","og_locale":"fr_FR","og_type":"article","og_title":"Suite Family &#183; Urban Hotel Design &#183;","og_description":"Les Suites ont \u00e9t\u00e9 ajout\u00e9s r\u00e9cemment \u00e0 l\u2019Urban Hotel Design, dans le b\u00e2timent historique adjacent, avec une entr\u00e9e priv\u00e9e dans la Via Cavazzeni 3. L\u2019ascenseur\u00a0se trouve au niveau de la mezzanine, s\u2019agissant d\u2019un immeuble prot\u00e9g\u00e9.  L\u2019h\u00f4tel dispose de deux Suites compos\u00e9es de chambres doubles, salle de bain, salon et dans le coin salon il y un troisi\u00e8me lit fixe.  L\u2019h\u00f4tel dispose, au dernier \u00e9tage, d\u2019un Suite sur deux \u00e9tages compos\u00e9 de deux salles de bain, d\u2019un salon, d\u2019une chambre double, d\u2019une chambre simple et, dans la zone de la mezzanine, d\u2019un lit fixe suppl\u00e9mentaire.  Pour disponibilit\u00e9 et prix, \u00e9crivez \u00e0 info@urbanhotel.it.","og_url":"https:\/\/www.urbanhotel.it\/fr\/chambres\/suite-family\/","og_site_name":"Urban Hotel Design","article_modified_time":"2023-06-27T12:19:17+00:00","twitter_card":"summary_large_image","schema":{"@context":"https:\/\/schema.org","@graph":[{"@type":"WebPage","@id":"https:\/\/www.urbanhotel.it\/fr\/chambres\/suite-family\/","url":"https:\/\/www.urbanhotel.it\/fr\/chambres\/suite-family\/","name":"Suite Family &#183; Urban Hotel Design &#183;","isPartOf":{"@id":"https:\/\/www.urbanhotel.it\/fr\/#website"},"datePublished":"2023-06-20T08:23:09+00:00","dateModified":"2023-06-27T12:19:17+00:00","description":"Les Suites ont \u00e9t\u00e9 ajout\u00e9s r\u00e9cemment \u00e0 l\u2019Urban Hotel Design, dans le b\u00e2timent historique adjacent, avec une entr\u00e9e priv\u00e9e dans la Via Cavazzeni 3. L\u2019ascenseur\u00a0se trouve au niveau de la mezzanine, s\u2019agissant d\u2019un immeuble prot\u00e9g\u00e9. L\u2019h\u00f4tel dispose de deux Suites compos\u00e9es de chambres doubles, salle de bain, salon et dans le coin salon il y un troisi\u00e8me lit fixe. L\u2019h\u00f4tel dispose, au dernier \u00e9tage, d\u2019un Suite sur deux \u00e9tages compos\u00e9 de deux salles de bain, d\u2019un salon, d\u2019une chambre double, d\u2019une chambre simple et, dans la zone de la mezzanine, d\u2019un lit fixe suppl\u00e9mentaire. Pour disponibilit\u00e9 et prix, \u00e9crivez \u00e0 info@urbanhotel.it.","breadcrumb":{"@id":"https:\/\/www.urbanhotel.it\/fr\/chambres\/suite-family\/#breadcrumb"},"inLanguage":"fr-FR","potentialAction":[{"@type":"ReadAction","target":["https:\/\/www.urbanhotel.it\/fr\/chambres\/suite-family\/"]}]},{"@type":"BreadcrumbList","@id":"https:\/\/www.urbanhotel.it\/fr\/chambres\/suite-family\/#breadcrumb","itemListElement":[{"@type":"ListItem","position":1,"name":"Home","item":"https:\/\/www.urbanhotel.it\/fr\/"},{"@type":"ListItem","position":2,"name":"Chambres","item":"https:\/\/www.urbanhotel.it\/fr\/chambres\/"},{"@type":"ListItem","position":3,"name":"Suite Family"}]},{"@type":"WebSite","@id":"https:\/\/www.urbanhotel.it\/fr\/#website","url":"https:\/\/www.urbanhotel.it\/fr\/","name":"Urban Hotel Design","description":"","potentialAction":[{"@type":"SearchAction","target":{"@type":"EntryPoint","urlTemplate":"https:\/\/www.urbanhotel.it\/fr\/?s={search_term_string}"},"query-input":{"@type":"PropertyValueSpecification","valueRequired":true,"valueName":"search_term_string"}}],"inLanguage":"fr-FR"}]}},"acf":[],"_links":{"self":[{"href":"https:\/\/www.urbanhotel.it\/fr\/wp-json\/wp\/v2\/pages\/204","targetHints":{"allow":["GET"]}}],"collection":[{"href":"https:\/\/www.urbanhotel.it\/fr\/wp-json\/wp\/v2\/pages"}],"about":[{"href":"https:\/\/www.urbanhotel.it\/fr\/wp-json\/wp\/v2\/types\/page"}],"author":[{"embeddable":true,"href":"https:\/\/www.urbanhotel.it\/fr\/wp-json\/wp\/v2\/users\/26"}],"replies":[{"embeddable":true,"href":"https:\/\/www.urbanhotel.it\/fr\/wp-json\/wp\/v2\/comments?post=204"}],"version-history":[{"count":0,"href":"https:\/\/www.urbanhotel.it\/fr\/wp-json\/wp\/v2\/pages\/204\/revisions"}],"up":[{"embeddable":true,"href":"https:\/\/www.urbanhotel.it\/fr\/wp-json\/wp\/v2\/pages\/143"}],"wp:attachment":[{"href":"https:\/\/www.urbanhotel.it\/fr\/wp-json\/wp\/v2\/media?parent=204"}],"curies":[{"name":"wp","href":"https:\/\/api.w.org\/{rel}","templated":true}]}}