{"id":126,"date":"2023-06-19T17:53:15","date_gmt":"2023-06-19T15:53:15","guid":{"rendered":"https:\/\/urbanhotel.ms2.decms.eu\/?page_id=126"},"modified":"2023-06-26T17:45:21","modified_gmt":"2023-06-26T15:45:21","slug":"hotel-design-urban","status":"publish","type":"page","link":"https:\/\/www.urbanhotel.it\/fr\/","title":{"rendered":"H\u00f4tel Design Urban"},"content":{"rendered":"<p><strong>Urban Design H\u00f4tel <\/strong>est un \u00e9tablissement moderne et confidentiel, adapt\u00e9 pour les clients qui aiment l\u2019art, le design, le confort et la technologie \u00e0 l\u2019instar de <strong>des appels gratuits illimit\u00e9s vers l\u2019UE, les USA et CANADA<\/strong> et <strong>wifi \u00e0 fibre optique<\/strong>. Il offre un environnement id\u00e9al pour trouver un bon sentiment d\u2019\u00e9quilibre et de d\u00e9tente qui vous permet de profiter pleinement des itin\u00e9raires de la ville.<\/p>\n<p>Le b\u00e2timent, avec un design int\u00e9rieur contemporain dans une architecture de 18eme siecle, construite sur les ruines romaines du 1ier si\u00e8cle, offre une classe mondiale dans la <strong>Vieille Ville<\/strong> (Cittavecchia) de <strong>Trieste<\/strong>.<\/p>\n","protected":false},"excerpt":{"rendered":"<p>Urban Design H\u00f4tel est un \u00e9tablissement moderne et confidentiel, adapt\u00e9 pour les clients qui aiment l\u2019art, le design, le confort et la technologie \u00e0 l\u2019instar de des appels gratuits illimit\u00e9s vers l\u2019UE, les USA et CANADA et wifi \u00e0 fibre optique. Il offre un environnement id\u00e9al pour trouver un bon sentiment d\u2019\u00e9quilibre et de d\u00e9tente [&hellip;]<\/p>\n","protected":false},"author":26,"featured_media":0,"parent":0,"menu_order":10,"comment_status":"closed","ping_status":"closed","template":"","meta":{"footnotes":""},"class_list":["post-126","page","type-page","status-publish","hentry"],"yoast_head":"<!-- This site is optimized with the Yoast SEO plugin v27.3 - https:\/\/yoast.com\/product\/yoast-seo-wordpress\/ -->\n<title>H\u00f4tel Design Urban &#183; Urban Hotel Design &#183;<\/title>\n<meta name=\"description\" content=\"Urban Design H\u00f4tel est un \u00e9tablissement moderne et confidentiel, adapt\u00e9 pour les clients qui aiment l\u2019art, le design, le confort et la technologie \u00e0 l\u2019instar de des appels gratuits illimit\u00e9s vers l\u2019UE, les USA et CANADA et wifi \u00e0 fibre optique. Il offre un environnement id\u00e9al pour trouver un bon sentiment d\u2019\u00e9quilibre et de d\u00e9tente qui vous permet de profiter pleinement des itin\u00e9raires de la ville.  Le b\u00e2timent, avec un design int\u00e9rieur contemporain dans une architecture de 18eme siecle, construite sur les ruines romaines du 1ier si\u00e8cle, offre une classe mondiale dans la Vieille Ville (Cittavecchia) de Trieste.\" \/>\n<meta name=\"robots\" content=\"index, follow, max-snippet:-1, max-image-preview:large, max-video-preview:-1\" \/>\n<link rel=\"canonical\" href=\"https:\/\/www.urbanhotel.it\/fr\/\" \/>\n<meta property=\"og:locale\" content=\"fr_FR\" \/>\n<meta property=\"og:type\" content=\"article\" \/>\n<meta property=\"og:title\" content=\"H\u00f4tel Design Urban &#183; Urban Hotel Design &#183;\" \/>\n<meta property=\"og:description\" content=\"Urban Design H\u00f4tel est un \u00e9tablissement moderne et confidentiel, adapt\u00e9 pour les clients qui aiment l\u2019art, le design, le confort et la technologie \u00e0 l\u2019instar de des appels gratuits illimit\u00e9s vers l\u2019UE, les USA et CANADA et wifi \u00e0 fibre optique. Il offre un environnement id\u00e9al pour trouver un bon sentiment d\u2019\u00e9quilibre et de d\u00e9tente qui vous permet de profiter pleinement des itin\u00e9raires de la ville.  Le b\u00e2timent, avec un design int\u00e9rieur contemporain dans une architecture de 18eme siecle, construite sur les ruines romaines du 1ier si\u00e8cle, offre une classe mondiale dans la Vieille Ville (Cittavecchia) de Trieste.\" \/>\n<meta property=\"og:url\" content=\"https:\/\/www.urbanhotel.it\/fr\/\" \/>\n<meta property=\"og:site_name\" content=\"Urban Hotel Design\" \/>\n<meta property=\"article:modified_time\" content=\"2023-06-26T15:45:21+00:00\" \/>\n<meta name=\"twitter:card\" content=\"summary_large_image\" \/>\n<meta name=\"twitter:label1\" content=\"Dur\u00e9e de lecture estim\u00e9e\" \/>\n\t<meta name=\"twitter:data1\" content=\"1 minute\" \/>\n<script type=\"application\/ld+json\" class=\"yoast-schema-graph\">{\"@context\":\"https:\\\/\\\/schema.org\",\"@graph\":[{\"@type\":\"WebPage\",\"@id\":\"https:\\\/\\\/www.urbanhotel.it\\\/fr\\\/\",\"url\":\"https:\\\/\\\/www.urbanhotel.it\\\/fr\\\/\",\"name\":\"H\u00f4tel Design Urban &#183; Urban Hotel Design &#183;\",\"isPartOf\":{\"@id\":\"https:\\\/\\\/www.urbanhotel.it\\\/fr\\\/#website\"},\"datePublished\":\"2023-06-19T15:53:15+00:00\",\"dateModified\":\"2023-06-26T15:45:21+00:00\",\"description\":\"Urban Design H\u00f4tel est un \u00e9tablissement moderne et confidentiel, adapt\u00e9 pour les clients qui aiment l\u2019art, le design, le confort et la technologie \u00e0 l\u2019instar de des appels gratuits illimit\u00e9s vers l\u2019UE, les USA et CANADA et wifi \u00e0 fibre optique. Il offre un environnement id\u00e9al pour trouver un bon sentiment d\u2019\u00e9quilibre et de d\u00e9tente qui vous permet de profiter pleinement des itin\u00e9raires de la ville. Le b\u00e2timent, avec un design int\u00e9rieur contemporain dans une architecture de 18eme siecle, construite sur les ruines romaines du 1ier si\u00e8cle, offre une classe mondiale dans la Vieille Ville (Cittavecchia) de Trieste.\",\"breadcrumb\":{\"@id\":\"https:\\\/\\\/www.urbanhotel.it\\\/fr\\\/#breadcrumb\"},\"inLanguage\":\"fr-FR\",\"potentialAction\":[{\"@type\":\"ReadAction\",\"target\":[\"https:\\\/\\\/www.urbanhotel.it\\\/fr\\\/\"]}]},{\"@type\":\"BreadcrumbList\",\"@id\":\"https:\\\/\\\/www.urbanhotel.it\\\/fr\\\/#breadcrumb\",\"itemListElement\":[{\"@type\":\"ListItem\",\"position\":1,\"name\":\"Home\",\"item\":\"https:\\\/\\\/www.urbanhotel.it\\\/fr\\\/\"},{\"@type\":\"ListItem\",\"position\":2,\"name\":\"H\u00f4tel Design Urban\"}]},{\"@type\":\"WebSite\",\"@id\":\"https:\\\/\\\/www.urbanhotel.it\\\/fr\\\/#website\",\"url\":\"https:\\\/\\\/www.urbanhotel.it\\\/fr\\\/\",\"name\":\"Urban Hotel Design\",\"description\":\"\",\"potentialAction\":[{\"@type\":\"SearchAction\",\"target\":{\"@type\":\"EntryPoint\",\"urlTemplate\":\"https:\\\/\\\/www.urbanhotel.it\\\/fr\\\/?s={search_term_string}\"},\"query-input\":{\"@type\":\"PropertyValueSpecification\",\"valueRequired\":true,\"valueName\":\"search_term_string\"}}],\"inLanguage\":\"fr-FR\"}]}<\/script>\n<!-- \/ Yoast SEO plugin. -->","yoast_head_json":{"title":"H\u00f4tel Design Urban &#183; Urban Hotel Design &#183;","description":"Urban Design H\u00f4tel est un \u00e9tablissement moderne et confidentiel, adapt\u00e9 pour les clients qui aiment l\u2019art, le design, le confort et la technologie \u00e0 l\u2019instar de des appels gratuits illimit\u00e9s vers l\u2019UE, les USA et CANADA et wifi \u00e0 fibre optique. Il offre un environnement id\u00e9al pour trouver un bon sentiment d\u2019\u00e9quilibre et de d\u00e9tente qui vous permet de profiter pleinement des itin\u00e9raires de la ville.  Le b\u00e2timent, avec un design int\u00e9rieur contemporain dans une architecture de 18eme siecle, construite sur les ruines romaines du 1ier si\u00e8cle, offre une classe mondiale dans la Vieille Ville (Cittavecchia) de Trieste.","robots":{"index":"index","follow":"follow","max-snippet":"max-snippet:-1","max-image-preview":"max-image-preview:large","max-video-preview":"max-video-preview:-1"},"canonical":"https:\/\/www.urbanhotel.it\/fr\/","og_locale":"fr_FR","og_type":"article","og_title":"H\u00f4tel Design Urban &#183; Urban Hotel Design &#183;","og_description":"Urban Design H\u00f4tel est un \u00e9tablissement moderne et confidentiel, adapt\u00e9 pour les clients qui aiment l\u2019art, le design, le confort et la technologie \u00e0 l\u2019instar de des appels gratuits illimit\u00e9s vers l\u2019UE, les USA et CANADA et wifi \u00e0 fibre optique. Il offre un environnement id\u00e9al pour trouver un bon sentiment d\u2019\u00e9quilibre et de d\u00e9tente qui vous permet de profiter pleinement des itin\u00e9raires de la ville.  Le b\u00e2timent, avec un design int\u00e9rieur contemporain dans une architecture de 18eme siecle, construite sur les ruines romaines du 1ier si\u00e8cle, offre une classe mondiale dans la Vieille Ville (Cittavecchia) de Trieste.","og_url":"https:\/\/www.urbanhotel.it\/fr\/","og_site_name":"Urban Hotel Design","article_modified_time":"2023-06-26T15:45:21+00:00","twitter_card":"summary_large_image","twitter_misc":{"Dur\u00e9e de lecture estim\u00e9e":"1 minute"},"schema":{"@context":"https:\/\/schema.org","@graph":[{"@type":"WebPage","@id":"https:\/\/www.urbanhotel.it\/fr\/","url":"https:\/\/www.urbanhotel.it\/fr\/","name":"H\u00f4tel Design Urban &#183; Urban Hotel Design &#183;","isPartOf":{"@id":"https:\/\/www.urbanhotel.it\/fr\/#website"},"datePublished":"2023-06-19T15:53:15+00:00","dateModified":"2023-06-26T15:45:21+00:00","description":"Urban Design H\u00f4tel est un \u00e9tablissement moderne et confidentiel, adapt\u00e9 pour les clients qui aiment l\u2019art, le design, le confort et la technologie \u00e0 l\u2019instar de des appels gratuits illimit\u00e9s vers l\u2019UE, les USA et CANADA et wifi \u00e0 fibre optique. Il offre un environnement id\u00e9al pour trouver un bon sentiment d\u2019\u00e9quilibre et de d\u00e9tente qui vous permet de profiter pleinement des itin\u00e9raires de la ville. Le b\u00e2timent, avec un design int\u00e9rieur contemporain dans une architecture de 18eme siecle, construite sur les ruines romaines du 1ier si\u00e8cle, offre une classe mondiale dans la Vieille Ville (Cittavecchia) de Trieste.","breadcrumb":{"@id":"https:\/\/www.urbanhotel.it\/fr\/#breadcrumb"},"inLanguage":"fr-FR","potentialAction":[{"@type":"ReadAction","target":["https:\/\/www.urbanhotel.it\/fr\/"]}]},{"@type":"BreadcrumbList","@id":"https:\/\/www.urbanhotel.it\/fr\/#breadcrumb","itemListElement":[{"@type":"ListItem","position":1,"name":"Home","item":"https:\/\/www.urbanhotel.it\/fr\/"},{"@type":"ListItem","position":2,"name":"H\u00f4tel Design Urban"}]},{"@type":"WebSite","@id":"https:\/\/www.urbanhotel.it\/fr\/#website","url":"https:\/\/www.urbanhotel.it\/fr\/","name":"Urban Hotel Design","description":"","potentialAction":[{"@type":"SearchAction","target":{"@type":"EntryPoint","urlTemplate":"https:\/\/www.urbanhotel.it\/fr\/?s={search_term_string}"},"query-input":{"@type":"PropertyValueSpecification","valueRequired":true,"valueName":"search_term_string"}}],"inLanguage":"fr-FR"}]}},"acf":[],"_links":{"self":[{"href":"https:\/\/www.urbanhotel.it\/fr\/wp-json\/wp\/v2\/pages\/126","targetHints":{"allow":["GET"]}}],"collection":[{"href":"https:\/\/www.urbanhotel.it\/fr\/wp-json\/wp\/v2\/pages"}],"about":[{"href":"https:\/\/www.urbanhotel.it\/fr\/wp-json\/wp\/v2\/types\/page"}],"author":[{"embeddable":true,"href":"https:\/\/www.urbanhotel.it\/fr\/wp-json\/wp\/v2\/users\/26"}],"replies":[{"embeddable":true,"href":"https:\/\/www.urbanhotel.it\/fr\/wp-json\/wp\/v2\/comments?post=126"}],"version-history":[{"count":0,"href":"https:\/\/www.urbanhotel.it\/fr\/wp-json\/wp\/v2\/pages\/126\/revisions"}],"wp:attachment":[{"href":"https:\/\/www.urbanhotel.it\/fr\/wp-json\/wp\/v2\/media?parent=126"}],"curies":[{"name":"wp","href":"https:\/\/api.w.org\/{rel}","templated":true}]}}