{"id":761,"date":"2023-08-01T12:23:43","date_gmt":"2023-08-01T10:23:43","guid":{"rendered":"https:\/\/urbanhotel.ms2.decms.eu\/?page_id=761"},"modified":"2024-01-14T14:26:08","modified_gmt":"2024-01-14T13:26:08","slug":"das-fruehstueck","status":"publish","type":"page","link":"https:\/\/www.urbanhotel.it\/de\/service\/das-fruehstueck\/","title":{"rendered":"Das Fr\u00fchst\u00fcck"},"content":{"rendered":"<p>Genie\u00dfen Sie unser Fr\u00fchst\u00fcck t\u00e4glich von 7 bis 10 Uhr. Wir bieten unseren G\u00e4sten ein internationales Buffet mit M\u00fcsli, frischem Obst, frisch gebackenem Geb\u00e4ck, S\u00e4ften, Wurst- und K\u00e4sesorten. Hier finden Sie Wei\u00dfbrot, Vollkornbrot, Toast, Schwarzbrot, R\u00fchrei und sogar Salat und Tomaten sowie eine Auswahl an veganen Produkten und Glutenfreie Lebensmittel sind auch dabei.<\/p>\n<p>Auf Wunsch und gegen einen kleinen Aufpreis wird auch ein Zimmerservice angeboten.<\/p>\n<p>Das Fr\u00fchst\u00fccksraum hat einen Glasbodenmit Blick auf die Ruinen von Tergeste, dem r\u00f6mischen Triest.. Es handelt sich um die Reste der r\u00f6mischen Stadtmauer (4. \u2013 5. Jahrhundert n. C.) und eine gestufte Mole, die aus dem Bau der Hafenanlage (Ende des 1. Jahrhunderts und Anfang des 2. Jahrhunderts n. C.) stammt.<\/p>\n<p>&nbsp;<\/p>\n","protected":false},"excerpt":{"rendered":"<p>Genie\u00dfen Sie unser Fr\u00fchst\u00fcck t\u00e4glich von 7 bis 10 Uhr. Wir bieten unseren G\u00e4sten ein internationales Buffet mit M\u00fcsli, frischem Obst, frisch gebackenem Geb\u00e4ck, S\u00e4ften, Wurst- und K\u00e4sesorten. Hier finden Sie Wei\u00dfbrot, Vollkornbrot, Toast, Schwarzbrot, R\u00fchrei und sogar Salat und Tomaten sowie eine Auswahl an veganen Produkten und Glutenfreie Lebensmittel sind auch dabei. Auf Wunsch [&hellip;]<\/p>\n","protected":false},"author":26,"featured_media":834,"parent":211,"menu_order":60,"comment_status":"closed","ping_status":"closed","template":"template-default-4.php","meta":{"footnotes":""},"class_list":["post-761","page","type-page","status-publish","has-post-thumbnail","hentry"],"yoast_head":"<!-- This site is optimized with the Yoast SEO plugin v27.3 - https:\/\/yoast.com\/product\/yoast-seo-wordpress\/ -->\n<title>Das Fr\u00fchst\u00fcck &#183; Urban Hotel Design &#183;<\/title>\n<meta name=\"description\" content=\"Genie\u00dfen Sie unser Fr\u00fchst\u00fcck t\u00e4glich von 7 bis 10 Uhr. Wir bieten unseren G\u00e4sten ein internationales Buffet mit M\u00fcsli, frischem Obst, frisch gebackenem Geb\u00e4ck, S\u00e4ften, Wurst- und K\u00e4sesorten\" \/>\n<meta name=\"robots\" content=\"index, follow, max-snippet:-1, max-image-preview:large, max-video-preview:-1\" \/>\n<link rel=\"canonical\" href=\"https:\/\/www.urbanhotel.it\/de\/service\/das-fruehstueck\/\" \/>\n<meta property=\"og:locale\" content=\"de_DE\" \/>\n<meta property=\"og:type\" content=\"article\" \/>\n<meta property=\"og:title\" content=\"Das Fr\u00fchst\u00fcck &#183; Urban Hotel Design &#183;\" \/>\n<meta property=\"og:description\" content=\"Genie\u00dfen Sie unser Fr\u00fchst\u00fcck t\u00e4glich von 7 bis 10 Uhr. Wir bieten unseren G\u00e4sten ein internationales Buffet mit M\u00fcsli, frischem Obst, frisch gebackenem Geb\u00e4ck, S\u00e4ften, Wurst- und K\u00e4sesorten\" \/>\n<meta property=\"og:url\" content=\"https:\/\/www.urbanhotel.it\/de\/service\/das-fruehstueck\/\" \/>\n<meta property=\"og:site_name\" content=\"Urban Hotel Design\" \/>\n<meta property=\"article:modified_time\" content=\"2024-01-14T13:26:08+00:00\" \/>\n<meta property=\"og:image\" content=\"http:\/\/www.urbanhotel.it\/wp-content\/uploads\/sites\/43\/2023\/08\/urban_hotel_design_servizi_garage_servizi_colazione_slide.jpg\" \/>\n\t<meta property=\"og:image:width\" content=\"2200\" \/>\n\t<meta property=\"og:image:height\" content=\"1200\" \/>\n\t<meta property=\"og:image:type\" content=\"image\/jpeg\" \/>\n<meta name=\"twitter:card\" content=\"summary_large_image\" \/>\n<meta name=\"twitter:label1\" content=\"Gesch\u00e4tzte Lesezeit\" \/>\n\t<meta name=\"twitter:data1\" content=\"1 Minute\" \/>\n<script type=\"application\/ld+json\" class=\"yoast-schema-graph\">{\"@context\":\"https:\\\/\\\/schema.org\",\"@graph\":[{\"@type\":\"WebPage\",\"@id\":\"https:\\\/\\\/www.urbanhotel.it\\\/de\\\/service\\\/das-fruehstueck\\\/\",\"url\":\"https:\\\/\\\/www.urbanhotel.it\\\/de\\\/service\\\/das-fruehstueck\\\/\",\"name\":\"Das Fr\u00fchst\u00fcck &#183; Urban Hotel Design &#183;\",\"isPartOf\":{\"@id\":\"https:\\\/\\\/www.urbanhotel.it\\\/de\\\/#website\"},\"primaryImageOfPage\":{\"@id\":\"https:\\\/\\\/www.urbanhotel.it\\\/de\\\/service\\\/das-fruehstueck\\\/#primaryimage\"},\"image\":{\"@id\":\"https:\\\/\\\/www.urbanhotel.it\\\/de\\\/service\\\/das-fruehstueck\\\/#primaryimage\"},\"thumbnailUrl\":\"https:\\\/\\\/www.urbanhotel.it\\\/wp-content\\\/uploads\\\/sites\\\/43\\\/2023\\\/08\\\/urban_hotel_design_servizi_garage_servizi_colazione_slide.jpg\",\"datePublished\":\"2023-08-01T10:23:43+00:00\",\"dateModified\":\"2024-01-14T13:26:08+00:00\",\"description\":\"Genie\u00dfen Sie unser Fr\u00fchst\u00fcck t\u00e4glich von 7 bis 10 Uhr. Wir bieten unseren G\u00e4sten ein internationales Buffet mit M\u00fcsli, frischem Obst, frisch gebackenem Geb\u00e4ck, S\u00e4ften, Wurst- und K\u00e4sesorten\",\"breadcrumb\":{\"@id\":\"https:\\\/\\\/www.urbanhotel.it\\\/de\\\/service\\\/das-fruehstueck\\\/#breadcrumb\"},\"inLanguage\":\"de-DE\",\"potentialAction\":[{\"@type\":\"ReadAction\",\"target\":[\"https:\\\/\\\/www.urbanhotel.it\\\/de\\\/service\\\/das-fruehstueck\\\/\"]}]},{\"@type\":\"ImageObject\",\"inLanguage\":\"de-DE\",\"@id\":\"https:\\\/\\\/www.urbanhotel.it\\\/de\\\/service\\\/das-fruehstueck\\\/#primaryimage\",\"url\":\"https:\\\/\\\/www.urbanhotel.it\\\/wp-content\\\/uploads\\\/sites\\\/43\\\/2023\\\/08\\\/urban_hotel_design_servizi_garage_servizi_colazione_slide.jpg\",\"contentUrl\":\"https:\\\/\\\/www.urbanhotel.it\\\/wp-content\\\/uploads\\\/sites\\\/43\\\/2023\\\/08\\\/urban_hotel_design_servizi_garage_servizi_colazione_slide.jpg\",\"width\":2200,\"height\":1200},{\"@type\":\"BreadcrumbList\",\"@id\":\"https:\\\/\\\/www.urbanhotel.it\\\/de\\\/service\\\/das-fruehstueck\\\/#breadcrumb\",\"itemListElement\":[{\"@type\":\"ListItem\",\"position\":1,\"name\":\"Home\",\"item\":\"https:\\\/\\\/www.urbanhotel.it\\\/de\\\/\"},{\"@type\":\"ListItem\",\"position\":2,\"name\":\"Service\",\"item\":\"https:\\\/\\\/www.urbanhotel.it\\\/de\\\/service\\\/\"},{\"@type\":\"ListItem\",\"position\":3,\"name\":\"Das Fr\u00fchst\u00fcck\"}]},{\"@type\":\"WebSite\",\"@id\":\"https:\\\/\\\/www.urbanhotel.it\\\/de\\\/#website\",\"url\":\"https:\\\/\\\/www.urbanhotel.it\\\/de\\\/\",\"name\":\"Urban Hotel Design\",\"description\":\"\",\"potentialAction\":[{\"@type\":\"SearchAction\",\"target\":{\"@type\":\"EntryPoint\",\"urlTemplate\":\"https:\\\/\\\/www.urbanhotel.it\\\/de\\\/?s={search_term_string}\"},\"query-input\":{\"@type\":\"PropertyValueSpecification\",\"valueRequired\":true,\"valueName\":\"search_term_string\"}}],\"inLanguage\":\"de-DE\"}]}<\/script>\n<!-- \/ Yoast SEO plugin. -->","yoast_head_json":{"title":"Das Fr\u00fchst\u00fcck &#183; Urban Hotel Design &#183;","description":"Genie\u00dfen Sie unser Fr\u00fchst\u00fcck t\u00e4glich von 7 bis 10 Uhr. Wir bieten unseren G\u00e4sten ein internationales Buffet mit M\u00fcsli, frischem Obst, frisch gebackenem Geb\u00e4ck, S\u00e4ften, Wurst- und K\u00e4sesorten","robots":{"index":"index","follow":"follow","max-snippet":"max-snippet:-1","max-image-preview":"max-image-preview:large","max-video-preview":"max-video-preview:-1"},"canonical":"https:\/\/www.urbanhotel.it\/de\/service\/das-fruehstueck\/","og_locale":"de_DE","og_type":"article","og_title":"Das Fr\u00fchst\u00fcck &#183; Urban Hotel Design &#183;","og_description":"Genie\u00dfen Sie unser Fr\u00fchst\u00fcck t\u00e4glich von 7 bis 10 Uhr. Wir bieten unseren G\u00e4sten ein internationales Buffet mit M\u00fcsli, frischem Obst, frisch gebackenem Geb\u00e4ck, S\u00e4ften, Wurst- und K\u00e4sesorten","og_url":"https:\/\/www.urbanhotel.it\/de\/service\/das-fruehstueck\/","og_site_name":"Urban Hotel Design","article_modified_time":"2024-01-14T13:26:08+00:00","og_image":[{"width":2200,"height":1200,"url":"http:\/\/www.urbanhotel.it\/wp-content\/uploads\/sites\/43\/2023\/08\/urban_hotel_design_servizi_garage_servizi_colazione_slide.jpg","type":"image\/jpeg"}],"twitter_card":"summary_large_image","twitter_misc":{"Gesch\u00e4tzte Lesezeit":"1 Minute"},"schema":{"@context":"https:\/\/schema.org","@graph":[{"@type":"WebPage","@id":"https:\/\/www.urbanhotel.it\/de\/service\/das-fruehstueck\/","url":"https:\/\/www.urbanhotel.it\/de\/service\/das-fruehstueck\/","name":"Das Fr\u00fchst\u00fcck &#183; Urban Hotel Design &#183;","isPartOf":{"@id":"https:\/\/www.urbanhotel.it\/de\/#website"},"primaryImageOfPage":{"@id":"https:\/\/www.urbanhotel.it\/de\/service\/das-fruehstueck\/#primaryimage"},"image":{"@id":"https:\/\/www.urbanhotel.it\/de\/service\/das-fruehstueck\/#primaryimage"},"thumbnailUrl":"https:\/\/www.urbanhotel.it\/wp-content\/uploads\/sites\/43\/2023\/08\/urban_hotel_design_servizi_garage_servizi_colazione_slide.jpg","datePublished":"2023-08-01T10:23:43+00:00","dateModified":"2024-01-14T13:26:08+00:00","description":"Genie\u00dfen Sie unser Fr\u00fchst\u00fcck t\u00e4glich von 7 bis 10 Uhr. Wir bieten unseren G\u00e4sten ein internationales Buffet mit M\u00fcsli, frischem Obst, frisch gebackenem Geb\u00e4ck, S\u00e4ften, Wurst- und K\u00e4sesorten","breadcrumb":{"@id":"https:\/\/www.urbanhotel.it\/de\/service\/das-fruehstueck\/#breadcrumb"},"inLanguage":"de-DE","potentialAction":[{"@type":"ReadAction","target":["https:\/\/www.urbanhotel.it\/de\/service\/das-fruehstueck\/"]}]},{"@type":"ImageObject","inLanguage":"de-DE","@id":"https:\/\/www.urbanhotel.it\/de\/service\/das-fruehstueck\/#primaryimage","url":"https:\/\/www.urbanhotel.it\/wp-content\/uploads\/sites\/43\/2023\/08\/urban_hotel_design_servizi_garage_servizi_colazione_slide.jpg","contentUrl":"https:\/\/www.urbanhotel.it\/wp-content\/uploads\/sites\/43\/2023\/08\/urban_hotel_design_servizi_garage_servizi_colazione_slide.jpg","width":2200,"height":1200},{"@type":"BreadcrumbList","@id":"https:\/\/www.urbanhotel.it\/de\/service\/das-fruehstueck\/#breadcrumb","itemListElement":[{"@type":"ListItem","position":1,"name":"Home","item":"https:\/\/www.urbanhotel.it\/de\/"},{"@type":"ListItem","position":2,"name":"Service","item":"https:\/\/www.urbanhotel.it\/de\/service\/"},{"@type":"ListItem","position":3,"name":"Das Fr\u00fchst\u00fcck"}]},{"@type":"WebSite","@id":"https:\/\/www.urbanhotel.it\/de\/#website","url":"https:\/\/www.urbanhotel.it\/de\/","name":"Urban Hotel Design","description":"","potentialAction":[{"@type":"SearchAction","target":{"@type":"EntryPoint","urlTemplate":"https:\/\/www.urbanhotel.it\/de\/?s={search_term_string}"},"query-input":{"@type":"PropertyValueSpecification","valueRequired":true,"valueName":"search_term_string"}}],"inLanguage":"de-DE"}]}},"acf":[],"_links":{"self":[{"href":"https:\/\/www.urbanhotel.it\/de\/wp-json\/wp\/v2\/pages\/761","targetHints":{"allow":["GET"]}}],"collection":[{"href":"https:\/\/www.urbanhotel.it\/de\/wp-json\/wp\/v2\/pages"}],"about":[{"href":"https:\/\/www.urbanhotel.it\/de\/wp-json\/wp\/v2\/types\/page"}],"author":[{"embeddable":true,"href":"https:\/\/www.urbanhotel.it\/de\/wp-json\/wp\/v2\/users\/26"}],"replies":[{"embeddable":true,"href":"https:\/\/www.urbanhotel.it\/de\/wp-json\/wp\/v2\/comments?post=761"}],"version-history":[{"count":0,"href":"https:\/\/www.urbanhotel.it\/de\/wp-json\/wp\/v2\/pages\/761\/revisions"}],"up":[{"embeddable":true,"href":"https:\/\/www.urbanhotel.it\/de\/wp-json\/wp\/v2\/pages\/211"}],"wp:featuredmedia":[{"embeddable":true,"href":"https:\/\/www.urbanhotel.it\/de\/wp-json\/wp\/v2\/media\/834"}],"wp:attachment":[{"href":"https:\/\/www.urbanhotel.it\/de\/wp-json\/wp\/v2\/media?parent=761"}],"curies":[{"name":"wp","href":"https:\/\/api.w.org\/{rel}","templated":true}]}}