{"id":193,"date":"2023-06-20T10:21:55","date_gmt":"2023-06-20T08:21:55","guid":{"rendered":"https:\/\/urbanhotel.ms2.decms.eu\/?page_id=193"},"modified":"2024-01-07T10:23:07","modified_gmt":"2024-01-07T09:23:07","slug":"junior-suite","status":"publish","type":"page","link":"https:\/\/www.urbanhotel.it\/de\/zimmer\/junior-suite\/","title":{"rendered":"Junior Suite"},"content":{"rendered":"<p>Das Hotel verf\u00fcgt \u00fcber zwei Junior-Suiten. Eine erstreckt sich \u00fcber zwei Etagen und \u00f6ffnet sich zum Wohnbereich hin, das Kingsize-Bett befindet sich auf dem Zwischengeschoss. Die andere befindet sich auf einer Etage und verf\u00fcgt \u00fcber ein Extra-Kingsize-Bett. Beide verf\u00fcgen \u00fcber einen Wohnbereich, ein Bad mit Dusche und eine Kaffeemaschine mit Illycaff\u00e8-Pads.<\/p>\n<p>Gr\u00f6\u00dfe: 28 m\u00b2<\/p>\n","protected":false},"excerpt":{"rendered":"<p>Das Hotel verf\u00fcgt \u00fcber zwei Junior-Suiten. Eine erstreckt sich \u00fcber zwei Etagen und \u00f6ffnet sich zum Wohnbereich hin, das Kingsize-Bett befindet sich auf dem Zwischengeschoss. Die andere befindet sich auf einer Etage und verf\u00fcgt \u00fcber ein Extra-Kingsize-Bett. Beide verf\u00fcgen \u00fcber einen Wohnbereich, ein Bad mit Dusche und eine Kaffeemaschine mit Illycaff\u00e8-Pads. Gr\u00f6\u00dfe: 28 m\u00b2<\/p>\n","protected":false},"author":26,"featured_media":692,"parent":144,"menu_order":40,"comment_status":"closed","ping_status":"closed","template":"template-single-room.php","meta":{"footnotes":""},"yoast_head":"<!-- This site is optimized with the Yoast SEO plugin v22.3 - https:\/\/yoast.com\/wordpress\/plugins\/seo\/ -->\n<title>Junior Suite &#183; Urban Hotel Design &#183;<\/title>\n<meta name=\"description\" content=\"Das Hotel verf\u00fcgt \u00fcber zwei Junior-Suiten. Eine erstreckt sich \u00fcber zwei Etagen und \u00f6ffnet sich zum Wohnbereich hin, das Kingsize-Bett befindet sich auf dem Zwischengeschoss\" \/>\n<meta name=\"robots\" content=\"index, follow, max-snippet:-1, max-image-preview:large, max-video-preview:-1\" \/>\n<link rel=\"canonical\" href=\"https:\/\/www.urbanhotel.it\/de\/zimmer\/junior-suite\/\" \/>\n<meta property=\"og:locale\" content=\"de_DE\" \/>\n<meta property=\"og:type\" content=\"article\" \/>\n<meta property=\"og:title\" content=\"Junior Suite &#183; Urban Hotel Design &#183;\" \/>\n<meta property=\"og:description\" content=\"Das Hotel verf\u00fcgt \u00fcber zwei Junior-Suiten. Eine erstreckt sich \u00fcber zwei Etagen und \u00f6ffnet sich zum Wohnbereich hin, das Kingsize-Bett befindet sich auf dem Zwischengeschoss\" \/>\n<meta property=\"og:url\" content=\"https:\/\/www.urbanhotel.it\/de\/zimmer\/junior-suite\/\" \/>\n<meta property=\"og:site_name\" content=\"Urban Hotel Design\" \/>\n<meta property=\"article:modified_time\" content=\"2024-01-07T09:23:07+00:00\" \/>\n<meta property=\"og:image\" content=\"http:\/\/www.urbanhotel.it\/wp-content\/uploads\/sites\/43\/2023\/07\/urban_hotel_gallery_26.jpg\" \/>\n\t<meta property=\"og:image:width\" content=\"1200\" \/>\n\t<meta property=\"og:image:height\" content=\"800\" \/>\n\t<meta property=\"og:image:type\" content=\"image\/jpeg\" \/>\n<meta name=\"twitter:card\" content=\"summary_large_image\" \/>\n<meta name=\"twitter:label1\" content=\"Gesch\u00e4tzte Lesezeit\" \/>\n\t<meta name=\"twitter:data1\" content=\"1 Minute\" \/>\n<script type=\"application\/ld+json\" class=\"yoast-schema-graph\">{\"@context\":\"https:\/\/schema.org\",\"@graph\":[{\"@type\":\"WebPage\",\"@id\":\"https:\/\/www.urbanhotel.it\/de\/zimmer\/junior-suite\/\",\"url\":\"https:\/\/www.urbanhotel.it\/de\/zimmer\/junior-suite\/\",\"name\":\"Junior Suite &#183; Urban Hotel Design &#183;\",\"isPartOf\":{\"@id\":\"https:\/\/www.urbanhotel.it\/de\/#website\"},\"primaryImageOfPage\":{\"@id\":\"https:\/\/www.urbanhotel.it\/de\/zimmer\/junior-suite\/#primaryimage\"},\"image\":{\"@id\":\"https:\/\/www.urbanhotel.it\/de\/zimmer\/junior-suite\/#primaryimage\"},\"thumbnailUrl\":\"https:\/\/www.urbanhotel.it\/wp-content\/uploads\/sites\/43\/2023\/07\/urban_hotel_gallery_26.jpg\",\"datePublished\":\"2023-06-20T08:21:55+00:00\",\"dateModified\":\"2024-01-07T09:23:07+00:00\",\"description\":\"Das Hotel verf\u00fcgt \u00fcber zwei Junior-Suiten. Eine erstreckt sich \u00fcber zwei Etagen und \u00f6ffnet sich zum Wohnbereich hin, das Kingsize-Bett befindet sich auf dem Zwischengeschoss\",\"breadcrumb\":{\"@id\":\"https:\/\/www.urbanhotel.it\/de\/zimmer\/junior-suite\/#breadcrumb\"},\"inLanguage\":\"de-DE\",\"potentialAction\":[{\"@type\":\"ReadAction\",\"target\":[\"https:\/\/www.urbanhotel.it\/de\/zimmer\/junior-suite\/\"]}]},{\"@type\":\"ImageObject\",\"inLanguage\":\"de-DE\",\"@id\":\"https:\/\/www.urbanhotel.it\/de\/zimmer\/junior-suite\/#primaryimage\",\"url\":\"https:\/\/www.urbanhotel.it\/wp-content\/uploads\/sites\/43\/2023\/07\/urban_hotel_gallery_26.jpg\",\"contentUrl\":\"https:\/\/www.urbanhotel.it\/wp-content\/uploads\/sites\/43\/2023\/07\/urban_hotel_gallery_26.jpg\",\"width\":1200,\"height\":800},{\"@type\":\"BreadcrumbList\",\"@id\":\"https:\/\/www.urbanhotel.it\/de\/zimmer\/junior-suite\/#breadcrumb\",\"itemListElement\":[{\"@type\":\"ListItem\",\"position\":1,\"name\":\"Home\",\"item\":\"https:\/\/www.urbanhotel.it\/de\/\"},{\"@type\":\"ListItem\",\"position\":2,\"name\":\"Zimmern\",\"item\":\"https:\/\/www.urbanhotel.it\/de\/zimmer\/\"},{\"@type\":\"ListItem\",\"position\":3,\"name\":\"Junior Suite\"}]},{\"@type\":\"WebSite\",\"@id\":\"https:\/\/www.urbanhotel.it\/de\/#website\",\"url\":\"https:\/\/www.urbanhotel.it\/de\/\",\"name\":\"Urban Hotel Design\",\"description\":\"\",\"potentialAction\":[{\"@type\":\"SearchAction\",\"target\":{\"@type\":\"EntryPoint\",\"urlTemplate\":\"https:\/\/www.urbanhotel.it\/de\/?s={search_term_string}\"},\"query-input\":\"required name=search_term_string\"}],\"inLanguage\":\"de-DE\"}]}<\/script>\n<!-- \/ Yoast SEO plugin. -->","yoast_head_json":{"title":"Junior Suite &#183; Urban Hotel Design &#183;","description":"Das Hotel verf\u00fcgt \u00fcber zwei Junior-Suiten. Eine erstreckt sich \u00fcber zwei Etagen und \u00f6ffnet sich zum Wohnbereich hin, das Kingsize-Bett befindet sich auf dem Zwischengeschoss","robots":{"index":"index","follow":"follow","max-snippet":"max-snippet:-1","max-image-preview":"max-image-preview:large","max-video-preview":"max-video-preview:-1"},"canonical":"https:\/\/www.urbanhotel.it\/de\/zimmer\/junior-suite\/","og_locale":"de_DE","og_type":"article","og_title":"Junior Suite &#183; Urban Hotel Design &#183;","og_description":"Das Hotel verf\u00fcgt \u00fcber zwei Junior-Suiten. Eine erstreckt sich \u00fcber zwei Etagen und \u00f6ffnet sich zum Wohnbereich hin, das Kingsize-Bett befindet sich auf dem Zwischengeschoss","og_url":"https:\/\/www.urbanhotel.it\/de\/zimmer\/junior-suite\/","og_site_name":"Urban Hotel Design","article_modified_time":"2024-01-07T09:23:07+00:00","og_image":[{"width":1200,"height":800,"url":"http:\/\/www.urbanhotel.it\/wp-content\/uploads\/sites\/43\/2023\/07\/urban_hotel_gallery_26.jpg","type":"image\/jpeg"}],"twitter_card":"summary_large_image","twitter_misc":{"Gesch\u00e4tzte Lesezeit":"1 Minute"},"schema":{"@context":"https:\/\/schema.org","@graph":[{"@type":"WebPage","@id":"https:\/\/www.urbanhotel.it\/de\/zimmer\/junior-suite\/","url":"https:\/\/www.urbanhotel.it\/de\/zimmer\/junior-suite\/","name":"Junior Suite &#183; Urban Hotel Design &#183;","isPartOf":{"@id":"https:\/\/www.urbanhotel.it\/de\/#website"},"primaryImageOfPage":{"@id":"https:\/\/www.urbanhotel.it\/de\/zimmer\/junior-suite\/#primaryimage"},"image":{"@id":"https:\/\/www.urbanhotel.it\/de\/zimmer\/junior-suite\/#primaryimage"},"thumbnailUrl":"https:\/\/www.urbanhotel.it\/wp-content\/uploads\/sites\/43\/2023\/07\/urban_hotel_gallery_26.jpg","datePublished":"2023-06-20T08:21:55+00:00","dateModified":"2024-01-07T09:23:07+00:00","description":"Das Hotel verf\u00fcgt \u00fcber zwei Junior-Suiten. Eine erstreckt sich \u00fcber zwei Etagen und \u00f6ffnet sich zum Wohnbereich hin, das Kingsize-Bett befindet sich auf dem Zwischengeschoss","breadcrumb":{"@id":"https:\/\/www.urbanhotel.it\/de\/zimmer\/junior-suite\/#breadcrumb"},"inLanguage":"de-DE","potentialAction":[{"@type":"ReadAction","target":["https:\/\/www.urbanhotel.it\/de\/zimmer\/junior-suite\/"]}]},{"@type":"ImageObject","inLanguage":"de-DE","@id":"https:\/\/www.urbanhotel.it\/de\/zimmer\/junior-suite\/#primaryimage","url":"https:\/\/www.urbanhotel.it\/wp-content\/uploads\/sites\/43\/2023\/07\/urban_hotel_gallery_26.jpg","contentUrl":"https:\/\/www.urbanhotel.it\/wp-content\/uploads\/sites\/43\/2023\/07\/urban_hotel_gallery_26.jpg","width":1200,"height":800},{"@type":"BreadcrumbList","@id":"https:\/\/www.urbanhotel.it\/de\/zimmer\/junior-suite\/#breadcrumb","itemListElement":[{"@type":"ListItem","position":1,"name":"Home","item":"https:\/\/www.urbanhotel.it\/de\/"},{"@type":"ListItem","position":2,"name":"Zimmern","item":"https:\/\/www.urbanhotel.it\/de\/zimmer\/"},{"@type":"ListItem","position":3,"name":"Junior Suite"}]},{"@type":"WebSite","@id":"https:\/\/www.urbanhotel.it\/de\/#website","url":"https:\/\/www.urbanhotel.it\/de\/","name":"Urban Hotel Design","description":"","potentialAction":[{"@type":"SearchAction","target":{"@type":"EntryPoint","urlTemplate":"https:\/\/www.urbanhotel.it\/de\/?s={search_term_string}"},"query-input":"required name=search_term_string"}],"inLanguage":"de-DE"}]}},"acf":[],"_links":{"self":[{"href":"https:\/\/www.urbanhotel.it\/de\/wp-json\/wp\/v2\/pages\/193"}],"collection":[{"href":"https:\/\/www.urbanhotel.it\/de\/wp-json\/wp\/v2\/pages"}],"about":[{"href":"https:\/\/www.urbanhotel.it\/de\/wp-json\/wp\/v2\/types\/page"}],"author":[{"embeddable":true,"href":"https:\/\/www.urbanhotel.it\/de\/wp-json\/wp\/v2\/users\/26"}],"replies":[{"embeddable":true,"href":"https:\/\/www.urbanhotel.it\/de\/wp-json\/wp\/v2\/comments?post=193"}],"version-history":[{"count":0,"href":"https:\/\/www.urbanhotel.it\/de\/wp-json\/wp\/v2\/pages\/193\/revisions"}],"up":[{"embeddable":true,"href":"https:\/\/www.urbanhotel.it\/de\/wp-json\/wp\/v2\/pages\/144"}],"wp:featuredmedia":[{"embeddable":true,"href":"https:\/\/www.urbanhotel.it\/de\/wp-json\/wp\/v2\/media\/692"}],"wp:attachment":[{"href":"https:\/\/www.urbanhotel.it\/de\/wp-json\/wp\/v2\/media?parent=193"}],"curies":[{"name":"wp","href":"https:\/\/api.w.org\/{rel}","templated":true}]}}