{"id":127,"date":"2023-06-19T17:53:15","date_gmt":"2023-06-19T15:53:15","guid":{"rendered":"https:\/\/urbanhotel.ms2.decms.eu\/?page_id=127"},"modified":"2023-06-26T17:45:04","modified_gmt":"2023-06-26T15:45:04","slug":"hotel-urban-design","status":"publish","type":"page","link":"https:\/\/www.urbanhotel.it\/de\/","title":{"rendered":"Hotel Urban Design"},"content":{"rendered":"<p>Das <strong>Urban Hotel Design <\/strong>ist modern und vertraulich, geeignet f\u00fcr G\u00e4ste, die Kunst, Design, Komfort und Technologie, wie <strong>schnellster kostenloses WLAN<\/strong> und <strong>unbegrenzte kostenlose Anrufe\u00a0 nach EU, USA und Kanada<\/strong><\/p>\n<p>lieben. Es bietet eine ideale Umgebung an, um ein sch\u00f6nes Gef\u00fchl von Entspannung und Gleichgewicht wiederzufinden, die es ihnen erm\u00f6glichen, die Wege der Stadt vollkommen genie\u00dfen zu k\u00f6nnen.<\/p>\n","protected":false},"excerpt":{"rendered":"<p>Das Urban Hotel Design ist modern und vertraulich, geeignet f\u00fcr G\u00e4ste, die Kunst, Design, Komfort und Technologie, wie schnellster kostenloses WLAN und unbegrenzte kostenlose Anrufe\u00a0 nach EU, USA und Kanada lieben. Es bietet eine ideale Umgebung an, um ein sch\u00f6nes Gef\u00fchl von Entspannung und Gleichgewicht wiederzufinden, die es ihnen erm\u00f6glichen, die Wege der Stadt vollkommen [&hellip;]<\/p>\n","protected":false},"author":26,"featured_media":0,"parent":0,"menu_order":10,"comment_status":"closed","ping_status":"closed","template":"","meta":{"footnotes":""},"class_list":["post-127","page","type-page","status-publish","hentry"],"yoast_head":"<!-- This site is optimized with the Yoast SEO plugin v27.3 - https:\/\/yoast.com\/product\/yoast-seo-wordpress\/ -->\n<title>Hotel Urban Design &#183; Urban Hotel Design &#183;<\/title>\n<meta name=\"description\" content=\"Das Urban Hotel Design ist modern und vertraulich, geeignet f\u00fcr G\u00e4ste, die Kunst, Design, Komfort und Technologie, wie schnellster kostenloses WLAN und unbegrenzte kostenlose Anrufe\u00a0 nach EU, USA und Kanada  lieben. Es bietet eine ideale Umgebung an, um ein sch\u00f6nes Gef\u00fchl von Entspannung und Gleichgewicht wiederzufinden, die es ihnen erm\u00f6glichen, die Wege der Stadt vollkommen genie\u00dfen zu k\u00f6nnen.\" \/>\n<meta name=\"robots\" content=\"index, follow, max-snippet:-1, max-image-preview:large, max-video-preview:-1\" \/>\n<link rel=\"canonical\" href=\"https:\/\/www.urbanhotel.it\/de\/\" \/>\n<meta property=\"og:locale\" content=\"de_DE\" \/>\n<meta property=\"og:type\" content=\"article\" \/>\n<meta property=\"og:title\" content=\"Hotel Urban Design &#183; Urban Hotel Design &#183;\" \/>\n<meta property=\"og:description\" content=\"Das Urban Hotel Design ist modern und vertraulich, geeignet f\u00fcr G\u00e4ste, die Kunst, Design, Komfort und Technologie, wie schnellster kostenloses WLAN und unbegrenzte kostenlose Anrufe\u00a0 nach EU, USA und Kanada  lieben. Es bietet eine ideale Umgebung an, um ein sch\u00f6nes Gef\u00fchl von Entspannung und Gleichgewicht wiederzufinden, die es ihnen erm\u00f6glichen, die Wege der Stadt vollkommen genie\u00dfen zu k\u00f6nnen.\" \/>\n<meta property=\"og:url\" content=\"https:\/\/www.urbanhotel.it\/de\/\" \/>\n<meta property=\"og:site_name\" content=\"Urban Hotel Design\" \/>\n<meta property=\"article:modified_time\" content=\"2023-06-26T15:45:04+00:00\" \/>\n<meta name=\"twitter:card\" content=\"summary_large_image\" \/>\n<meta name=\"twitter:label1\" content=\"Gesch\u00e4tzte Lesezeit\" \/>\n\t<meta name=\"twitter:data1\" content=\"1 Minute\" \/>\n<script type=\"application\/ld+json\" class=\"yoast-schema-graph\">{\"@context\":\"https:\\\/\\\/schema.org\",\"@graph\":[{\"@type\":\"WebPage\",\"@id\":\"https:\\\/\\\/www.urbanhotel.it\\\/de\\\/\",\"url\":\"https:\\\/\\\/www.urbanhotel.it\\\/de\\\/\",\"name\":\"Hotel Urban Design &#183; Urban Hotel Design &#183;\",\"isPartOf\":{\"@id\":\"https:\\\/\\\/www.urbanhotel.it\\\/de\\\/#website\"},\"datePublished\":\"2023-06-19T15:53:15+00:00\",\"dateModified\":\"2023-06-26T15:45:04+00:00\",\"description\":\"Das Urban Hotel Design ist modern und vertraulich, geeignet f\u00fcr G\u00e4ste, die Kunst, Design, Komfort und Technologie, wie schnellster kostenloses WLAN und unbegrenzte kostenlose Anrufe\u00a0 nach EU, USA und Kanada lieben. Es bietet eine ideale Umgebung an, um ein sch\u00f6nes Gef\u00fchl von Entspannung und Gleichgewicht wiederzufinden, die es ihnen erm\u00f6glichen, die Wege der Stadt vollkommen genie\u00dfen zu k\u00f6nnen.\",\"breadcrumb\":{\"@id\":\"https:\\\/\\\/www.urbanhotel.it\\\/de\\\/#breadcrumb\"},\"inLanguage\":\"de-DE\",\"potentialAction\":[{\"@type\":\"ReadAction\",\"target\":[\"https:\\\/\\\/www.urbanhotel.it\\\/de\\\/\"]}]},{\"@type\":\"BreadcrumbList\",\"@id\":\"https:\\\/\\\/www.urbanhotel.it\\\/de\\\/#breadcrumb\",\"itemListElement\":[{\"@type\":\"ListItem\",\"position\":1,\"name\":\"Home\",\"item\":\"https:\\\/\\\/www.urbanhotel.it\\\/de\\\/\"},{\"@type\":\"ListItem\",\"position\":2,\"name\":\"Hotel Urban Design\"}]},{\"@type\":\"WebSite\",\"@id\":\"https:\\\/\\\/www.urbanhotel.it\\\/de\\\/#website\",\"url\":\"https:\\\/\\\/www.urbanhotel.it\\\/de\\\/\",\"name\":\"Urban Hotel Design\",\"description\":\"\",\"potentialAction\":[{\"@type\":\"SearchAction\",\"target\":{\"@type\":\"EntryPoint\",\"urlTemplate\":\"https:\\\/\\\/www.urbanhotel.it\\\/de\\\/?s={search_term_string}\"},\"query-input\":{\"@type\":\"PropertyValueSpecification\",\"valueRequired\":true,\"valueName\":\"search_term_string\"}}],\"inLanguage\":\"de-DE\"}]}<\/script>\n<!-- \/ Yoast SEO plugin. -->","yoast_head_json":{"title":"Hotel Urban Design &#183; Urban Hotel Design &#183;","description":"Das Urban Hotel Design ist modern und vertraulich, geeignet f\u00fcr G\u00e4ste, die Kunst, Design, Komfort und Technologie, wie schnellster kostenloses WLAN und unbegrenzte kostenlose Anrufe\u00a0 nach EU, USA und Kanada  lieben. Es bietet eine ideale Umgebung an, um ein sch\u00f6nes Gef\u00fchl von Entspannung und Gleichgewicht wiederzufinden, die es ihnen erm\u00f6glichen, die Wege der Stadt vollkommen genie\u00dfen zu k\u00f6nnen.","robots":{"index":"index","follow":"follow","max-snippet":"max-snippet:-1","max-image-preview":"max-image-preview:large","max-video-preview":"max-video-preview:-1"},"canonical":"https:\/\/www.urbanhotel.it\/de\/","og_locale":"de_DE","og_type":"article","og_title":"Hotel Urban Design &#183; Urban Hotel Design &#183;","og_description":"Das Urban Hotel Design ist modern und vertraulich, geeignet f\u00fcr G\u00e4ste, die Kunst, Design, Komfort und Technologie, wie schnellster kostenloses WLAN und unbegrenzte kostenlose Anrufe\u00a0 nach EU, USA und Kanada  lieben. Es bietet eine ideale Umgebung an, um ein sch\u00f6nes Gef\u00fchl von Entspannung und Gleichgewicht wiederzufinden, die es ihnen erm\u00f6glichen, die Wege der Stadt vollkommen genie\u00dfen zu k\u00f6nnen.","og_url":"https:\/\/www.urbanhotel.it\/de\/","og_site_name":"Urban Hotel Design","article_modified_time":"2023-06-26T15:45:04+00:00","twitter_card":"summary_large_image","twitter_misc":{"Gesch\u00e4tzte Lesezeit":"1 Minute"},"schema":{"@context":"https:\/\/schema.org","@graph":[{"@type":"WebPage","@id":"https:\/\/www.urbanhotel.it\/de\/","url":"https:\/\/www.urbanhotel.it\/de\/","name":"Hotel Urban Design &#183; Urban Hotel Design &#183;","isPartOf":{"@id":"https:\/\/www.urbanhotel.it\/de\/#website"},"datePublished":"2023-06-19T15:53:15+00:00","dateModified":"2023-06-26T15:45:04+00:00","description":"Das Urban Hotel Design ist modern und vertraulich, geeignet f\u00fcr G\u00e4ste, die Kunst, Design, Komfort und Technologie, wie schnellster kostenloses WLAN und unbegrenzte kostenlose Anrufe\u00a0 nach EU, USA und Kanada lieben. Es bietet eine ideale Umgebung an, um ein sch\u00f6nes Gef\u00fchl von Entspannung und Gleichgewicht wiederzufinden, die es ihnen erm\u00f6glichen, die Wege der Stadt vollkommen genie\u00dfen zu k\u00f6nnen.","breadcrumb":{"@id":"https:\/\/www.urbanhotel.it\/de\/#breadcrumb"},"inLanguage":"de-DE","potentialAction":[{"@type":"ReadAction","target":["https:\/\/www.urbanhotel.it\/de\/"]}]},{"@type":"BreadcrumbList","@id":"https:\/\/www.urbanhotel.it\/de\/#breadcrumb","itemListElement":[{"@type":"ListItem","position":1,"name":"Home","item":"https:\/\/www.urbanhotel.it\/de\/"},{"@type":"ListItem","position":2,"name":"Hotel Urban Design"}]},{"@type":"WebSite","@id":"https:\/\/www.urbanhotel.it\/de\/#website","url":"https:\/\/www.urbanhotel.it\/de\/","name":"Urban Hotel Design","description":"","potentialAction":[{"@type":"SearchAction","target":{"@type":"EntryPoint","urlTemplate":"https:\/\/www.urbanhotel.it\/de\/?s={search_term_string}"},"query-input":{"@type":"PropertyValueSpecification","valueRequired":true,"valueName":"search_term_string"}}],"inLanguage":"de-DE"}]}},"acf":[],"_links":{"self":[{"href":"https:\/\/www.urbanhotel.it\/de\/wp-json\/wp\/v2\/pages\/127","targetHints":{"allow":["GET"]}}],"collection":[{"href":"https:\/\/www.urbanhotel.it\/de\/wp-json\/wp\/v2\/pages"}],"about":[{"href":"https:\/\/www.urbanhotel.it\/de\/wp-json\/wp\/v2\/types\/page"}],"author":[{"embeddable":true,"href":"https:\/\/www.urbanhotel.it\/de\/wp-json\/wp\/v2\/users\/26"}],"replies":[{"embeddable":true,"href":"https:\/\/www.urbanhotel.it\/de\/wp-json\/wp\/v2\/comments?post=127"}],"version-history":[{"count":0,"href":"https:\/\/www.urbanhotel.it\/de\/wp-json\/wp\/v2\/pages\/127\/revisions"}],"wp:attachment":[{"href":"https:\/\/www.urbanhotel.it\/de\/wp-json\/wp\/v2\/media?parent=127"}],"curies":[{"name":"wp","href":"https:\/\/api.w.org\/{rel}","templated":true}]}}